{"id":14,"date":"2020-12-15T19:26:49","date_gmt":"2020-12-15T19:26:49","guid":{"rendered":"https:\/\/www.cecubogroup.com\/?page_id=14"},"modified":"2024-05-30T09:04:06","modified_gmt":"2024-05-30T09:04:06","slug":"proyectos","status":"publish","type":"page","link":"https:\/\/www.cecubogroup.com\/pt\/proyectos\/","title":{"rendered":"Projectos"},"content":{"rendered":"<p>[et_pb_section fb_built=\"1\u2033 _builder_version=\"4.16\u2033 _module_preset=\"default\" background_enable_image=\"off\" background_size=\"initial\" background_position=\"center_right\" custom_padding=\"90px|||||\" global_colors_info=\"{}\"][et_pb_row _builder_version=\"4.16\u2033 _module_preset=\"default\" custom_margin=\"-55px||||false|false\" global_colors_info=\"{}\"][et_pb_column type=\"4_4\u2033 _builder_version=\"4.16\u2033 _module_preset=\"default\" global_colors_info=\"{}\"][et_pb_text _builder_version=\"4.16\u2033 _module_preset=\"default\" text_font=\"Roboto|500||on|||||\" text_text_color=\"#1a2126\u2033 text_font_size=\"18px\" text_letter_spacing=\"4px\" global_colors_info=\"{}\"]Projectos[\/et_pb_text][et_pb_image src=\"https:\/\/www.cecubogroup.com\/wp-content\/uploads\/2020\/12\/line.svg\" title_text=\"linha\" _builder_version=\"4.16\u2033 _module_preset=\"default\" custom_margin=\"-15px||||false|false\" global_colors_info=\"{}\"][\/et_pb_image][\/et_pb_column][\/et_pb_row][et_pb_row column_structure=\"1_2,1_2\u2033 _builder_version=\"4.16\u2033 _module_preset=\"default\" global_colors_info=\"{}\"][et_pb_column type=\"1_2\u2033 _builder_version=\"4.16\u2033 _module_preset=\"default\" global_colors_info=\"{}\"][et_pb_text _builder_version=\"4.16\u2033 _module_preset=\"default\" text_font=\"Roboto|700|||||||\" text_text_color=\"#032f77\u2033 text_font_size=\"55px\" text_line_height=\"1.1em\" custom_margin=\"||||false|false\" custom_padding=\"||||false|false\" text_font_size_tablet=\"\" text_font_size_phone=\"45px\" text_font_size_last_edited=\"on|phone\" custom_css_main_element=\"width: 110%;\" global_colors_info=\"{}\"]Projects[\/et_pb_text][et_pb_text _builder_version=\"4.16\u2033 _module_preset=\"default\" text_font=\"Roboto||||||||\" text_text_color=\"#4d4d4d4d4d\" text_font_size=\"18px\" text_line_height=\"1.6em\" custom_padding=\"15px||||false|false\" custom_css_main_element=\"font-weight: 400;\" global_colors_info=\"{}\"]Trabalhamos com grandes empresas e PME. <strong>Desenvolvemos<\/strong> projectos criativos, com uma vis\u00e3o <strong>comunica\u00e7\u00e3o hol\u00edstica baseada em dados s\u00f3lidos<\/strong>.<br \/>\nAs entidades p\u00fablicas e as organiza\u00e7\u00f5es pol\u00edticas locais e nacionais confiaram e continuam a confiar no CECUBO para melhorar a sua estrat\u00e9gia de comunica\u00e7\u00e3o e atingir eficazmente os seus p\u00fablicos.<br \/>\n<strong>Fornecemos<\/strong> PME <strong>as ferramentas e a criatividade que lhes permitem<\/strong> melhorar os seus canais de comunica\u00e7\u00e3o e <strong>alargar o seu p\u00fablico<\/strong>.[\/et_pb_text][\/et_pb_column][et_pb_column type=\"1_2\u2033 disabled_on=\"on|on|off\" _builder_version=\"4.16\u2033 _module_preset=\"default\" global_colors_info=\"{}\"][et_pb_image src=\"https:\/\/www.cecubogroup.com\/wp-content\/uploads\/2021\/01\/proyectos_hero.jpg\" alt=\"Os nossos projectos\" title_text=\"Os nossos projectos\" align_tablet=\"center\" align_phone=\"center\" align_last_edited=\"on|tablet\" _builder_version=\"4.16\u2033 _module_preset=\"default\" custom_margin=\"||||25px|false|false|false|false\" custom_margin_tablet=\"||||0px|false|false|false\" custom_margin_phone=\"||||0px|false|false|false\" custom_margin_last_edited=\"on|phone\" custom_padding=\"15px||||false|false\" border_radii=\"on|1vw|1vw|1vw|1vw|1vw|1vw|1vw\" border_radii_tablet=\"on|4vw|4vw|4vw|4vw|4vw|4vw\" border_radii_phone=\"on|5vw|5vw|5vw|5vw|5vw|5vw\" border_radii_last_edited=\"on|tablet\" global_colors_info=\"{}\"][\/et_pb_image][\/et_pb_column][\/et_pb_row][et_pb_row disabled_on=\"on|on|off\" _builder_version=\"4.16\u2033 _module_preset=\"default\" positioning=\"absolute\" position_origin_a=\"center_right\" position_origin_f=\"center_right\" vertical_offset=\"0px\" horizontal_offset=\"0px\" custom_padding=\"0px|||0px||true|false\" custom_css_main_element=\"z-index: 1;\" global_colors_info=\"{}\"][et_pb_column type=\"4_4\u2033 _builder_version=\"4.16\u2033 _module_preset=\"default\" global_colors_info=\"{}\"][et_pb_image src=\"https:\/\/www.cecubogroup.com\/wp-content\/uploads\/2021\/01\/gray-bck-no-space-s.png\" align=\"right\" _builder_version=\"4.16\u2033 _module_preset=\"default\" custom_margin=\"50px||||false|false\" custom_margin_tablet=\"505px||||false|false\" custom_margin_phone=\"775px||||false|false\" custom_margin_last_edited=\"on|tablet\" global_colors_info=\"{}\"][\/et_pb_image][\/et_pb_column][\/et_pb_row][\/et_pb_section][et_pb_section fb_built=\"1\u2033 disabled_on=\"off|off|on\" _builder_version=\"4.16\u2033 _module_preset=\"default\" background_color=\"#F3F3F3F4\u2033 custom_margin=\"||||false|false\" custom_padding=\"10px|||10px||||true|false\" global_colors_info=\"{}\"][et_pb_row _builder_version=\"4.16\u2033 _module_preset=\"default\" global_colors_info=\"{}\"][et_pb_column type=\"4_4\u2033 _builder_version=\"4.16\u2033 _module_preset=\"default\" global_colors_info=\"{}\"][et_pb_image src=\"https:\/\/www.cecubogroup.com\/wp-content\/uploads\/2021\/01\/proyectos_hero.jpg\" alt=\"CECUBO\" title_text=\"proyectos_hero\" align=\"center\" align_tablet=\"center\" align_phone=\"center\" align_last_edited=\"on|phone\" disabled_on=\"off|off|off\" _builder_version=\"4.16\u2033 _module_preset=\"default\" custom_margin=\"-25px||||25px|false|false|false\" custom_margin_tablet=\"0px||||0px|false|false|false\" custom_margin_phone=\"0px||||0px|false|false|false\" custom_margin_last_edited=\"on|tablet\" custom_padding=\"||||false|false|false\" border_radii=\"on|1vw|1vw|1vw|1vw|1vw|1vw\" border_radii_tablet=\"on|4vw|4vw|4vw|4vw|4vw|4vw\" border_radii_phone=\"on|5vw|5vw|5vw|5vw|5vw|5vw\" border_radii_last_edited=\"on|tablet\" global_colors_info=\"{}\"][\/et_pb_image][\/et_pb_column][\/et_pb_row][\/et_pb_section][et_pb_section fb_built=\"1\u2033 _builder_version=\"4.16\u2033 _module_preset=\"default\" background_color=\"#f7f7f7f7f7\u2033 custom_margin=\"||||false|false\" global_colors_info=\"{}\"][et_pb_row _builder_version=\"4.16\u2033 _module_preset=\"default\" global_colors_info=\"{}\"][et_pb_column type=\"4_4\u2033 _builder_version=\"4.16\u2033 _module_preset=\"default\" global_colors_info=\"{}\"][et_pb_text _builder_version=\"4.16\u2033 _module_preset=\"default\" text_font=\"Roboto|700|||||||\" text_text_color=\"#032f77\u2033 text_font_size=\"46px\" text_line_height=\"1.2em\" text_orientation=\"center\" custom_margin=\"||||false|false\" custom_padding=\"||||false|false\" custom_padding_tablet=\"\" custom_padding_phone=\"\" custom_padding_last_edited=\"on|phone\" text_font_size_tablet=\"\" text_font_size_phone=\"34px\" text_font_size_last_edited=\"on|phone\" text_line_height_tablet=\"\" text_line_height_phone=\"\" text_line_height_last_edited=\"on|phone\" custom_css_main_element=\"font-weight: 900;\" global_colors_info=\"{}\"]Os nossos projectos[\/et_pb_text][et_pb_text _builder_version=\"4.16\u2033 _module_preset=\"default\" text_font=\"Roboto||||||||\" text_text_color=\"#4d4d4d4d4d\" text_font_size=\"16px\" text_line_height=\"1.6em\" text_orientation=\"center\" custom_padding=\"||||false|false\" custom_css_main_element=\"font-weight: 400;\" global_colors_info=\"{}\"]A adapta\u00e7\u00e3o \u00e0s necessidades dos nossos clientes coloca-nos constantemente perante novos desafios, e um conjunto de projectos exigentes que s\u00e3o resolvidos atrav\u00e9s de um trabalho de equipa, assente na capacidade de melhoria e no inconformismo do dia a dia.[\/et_pb_text][\/et_pb_column][\/et_pb_row][et_pb_row _builder_version=\"4.16\u2033 _module_preset=\"default\" global_colors_info=\"{}\"][et_pb_column type=\"4_4\u2033 _builder_version=\"4.16\u2033 _module_preset=\"default\" global_colors_info=\"{}\"][et_pb_blog fullwidth=\"off\" posts_number=\"9\u2033 include_categories=\"41,43,45,47,48\u2033 use_manual_excerpt=\"off\" excerpt_length=\"0\u2033 show_more=\"on\" show_author=\"off\" show_date=\"off\" show_excerpt=\"off\" show_pagination=\"off\" module_class=\"bc-blog-projects\" _builder_version=\"4.24.0\u2033 _module_preset=\"default\" header_font=\"Roboto||||||||\" header_text_color=\"#4D4D4D4D\" header_font_size=\"22px\" header_letter_spacing=\"-0.09px\" header_line_height=\"1.2em\" meta_font=\"Roboto|500|||||||\" meta_text_color=\"#93BB23\u2033 meta_font_size=\"18px\" meta_letter_spacing=\"0.11px\" read_more_font=\"Roboto|700|||||||\" read_more_font_size=\"18px\" hover_enabled=\"0\u2033 header_line_height_tablet=\"1.2em\" header_line_height_phone=\"1.2em\" header_line_height_last_edited=\"on|phone\" read_more_font_size_tablet=\"\" read_more_font_size_phone=\"12px\" read_more_font_size_last_edited=\"on|phone\" custom_css_title=\"font-weight: bold;\" custom_css_post_meta=\"margin-bottom: 60px;||pointer-events: none;\" custom_css_featured_image=\"box-shadow: 0 3px 6px 0 rgba(0, 0, 0, 0, 0.1);\" custom_css_read_more=\"colour: #ffffffff!important;||border-width: 0px!important;||border-radius: 11px;||font-family: 'Roboto',Helvetica,Arial,Lucida,sans-serif!important;||background-color: #032f77;||padding: 10px 35px;||display: block;||margin-top: 20px;||margin-bottom: 20px;||text-align: center;||width: auto;||margin-left: 50px;||margin-right: 50px;||box-shadow: 0 3px 6px 0 rgba(0, 0, 0, 0, 0.16);\" border_radii=\"on||10px|10px|10px|10px|10px|10px\" border_width_all=\"0px\" box_shadow_style=\"preset1\u2033 box_shadow_vertical=\"3px\" box_shadow_blur=\"6px\" box_shadow_color=\"rgba(0,0,0,0,0.1)\" global_colors_info=\"{}\" custom_css_read_more__hover_enabled=\"on|desktop\" custom_css_read_more__hover=\"colour: #ffffffffff!important;||border-width: 0px!important;||border-radius: 11px;||font-family: 'Roboto',Helvetica,Arial,Lucida,sans-serif!important;||background-color: #93bb23;||padding: 10px 35px;||display: block;||margin-bottom: 20px;||text-align: center;||width: auto;||margin-left: 50px;||margin-right: 50px;||box-shadow: 0 3px 6px 0 rgba(0, 0, 0, 0, 0.16);\" custom_css_read_more_last_edited=\"on|phone\" custom_css_read_more_tablet=\"colour: #ffffffff!important;||border-width: 0px!important;||border-radius: 11px;||font-family: 'Roboto',Helvetica,Arial,Lucida,sans-serif!important;|||background-color: #032f77;||padding: 10px 35px;||display: block;||margin-bottom: 20px;||text-align: center;||width: auto;||margin-left: 45px;||margin-right: 45px;||box-shadow: 0 3px 6px 0 rgba(0, 0, 0, 0, 0.16);\" custom_css_read_more_phone=\"colour: #ffffffff!important;||border-width: 0px!important;||border-radius: 11px;||font-family: 'Roboto',Helvetica,Arial,Lucida,sans-serif!important;|||background-color: #032f77;||padding: 10px 35px;||display: block;||margin-bottom: 20px;||text-align: center;||width: auto;||margin-left: 50px;||margin-right: 50px;||box-shadow: 0 3px 6px 0 rgba(0, 0, 0, 0, 0.16);\" sticky_enabled=\"0\u2033][\/et_pb_blog][et_pb_code _builder_version=\"4.16\u2033 _module_preset=\"default\" global_colors_info=\"{}\"]<script type=\"text\/javascript\"><!-- [et_pb_line_break_holder] -->(function($) {<!-- [et_pb_line_break_holder] -->$(document).ready(function() {<!-- [et_pb_line_break_holder] -->var newVal = 'Ver proyecto';<!-- [et_pb_line_break_holder] -->$('.more-link').html( newVal );<!-- [et_pb_line_break_holder] -->});<!-- [et_pb_line_break_holder] -->})(jQuery);<!-- [et_pb_line_break_holder] --><\/script>[\/et_pb_code][\/et_pb_column][\/et_pb_row][\/et_pb_section][et_pb_section fb_built=\"1\u2033 _builder_version=\"4.16\u2033 _module_preset=\"default\" background_enable_color=\"off\" saved_tabs=\"all\" global_colors_info=\"{}\"][et_pb_row column_structure=\"1_2,1_2\u2033 _builder_version=\"4.16\u2033 _module_preset=\"default\" global_colors_info=\"{}\"][et_pb_column type=\"1_2\u2033 _builder_version=\"4.16\u2033 _module_preset=\"default\" global_colors_info=\"{}\"][et_pb_image src=\"https:\/\/www.cecubogroup.com\/wp-content\/uploads\/2021\/01\/servicios.jpg\" _builder_version=\"4.16\u2033 _module_preset=\"default\" border_radii=\"on|1vw|1vw|1vw|1vw|1vw|1vw\" border_radii_tablet=\"on|4vw|4vw|4vw|4vw|4vw\" border_radii_phone=\"on|5vw|5vw|5vw|5vw|5vw|5vw\" border_radii_last_edited=\"on|phone\" global_colors_info=\"{}\"][\/et_pb_image][\/et_pb_column][et_pb_column type=\"1_2\u2033 _builder_version=\"4.16\u2033 _module_preset=\"default\" global_colors_info=\"{}\"][et_pb_text _builder_version=\"4.16\u2033 _module_preset=\"default\" text_font=\"Roboto|700|||||||\" text_text_color=\"#032f77\u2033 text_font_size=\"40px\" text_line_height=\"1.2em\" custom_margin=\"||||false|false\" custom_padding=\"||||false|false\" custom_padding_tablet=\"\" custom_padding_phone=\"\" custom_padding_last_edited=\"on|phone\" text_font_size_tablet=\"\" text_font_size_phone=\"34px\" text_font_size_last_edited=\"on|phone\" text_line_height_tablet=\"\" text_line_height_phone=\"\" text_line_height_last_edited=\"on|phone\" custom_css_main_element=\"font-weight: 900;\" global_colors_info=\"{}\"]Precisa de ajuda?[\/et_pb_text][et_pb_text _builder_version=\"4.16\u2033 _module_preset=\"default\" text_font=\"Roboto||||||||\" text_text_color=\"#4d4d4d4d\" text_font_size=\"18px\" text_line_height=\"1.6em\" custom_padding=\"||||false|false\" custom_css_main_element=\"font-weight: 400;\" global_colors_info=\"{}\"]Se ainda n\u00e3o encontrou o servi\u00e7o que procura, encorajamo-lo a falar-nos da sua situa\u00e7\u00e3o: temos a certeza de que podemos encontrar uma solu\u00e7\u00e3o e estrat\u00e9gias de melhoria.[\/et_pb_text][et_pb_button button_url=\"https:\/\/www.cecubogroup.com\/contactos\/\" button_text=\"Vamos falar\" button_alignment=\"left\" _builder_version=\"4.16\u2033 _module_preset=\"default\" custom_button=\"on\" button_text_size=\"18px\" button_text_color=\"#ffffffff\" button_bg_color=\"#032f77\u2033 button_border_width=\"0px\" button_border_radius=\"11px\" button_font=\"Roboto||||||||\" button_use_icon=\"off\" custom_margin=\"||||false|false\" custom_padding=\"|35px|||35px|false|true\" button_text_size_tablet=\"\" button_text_size_phone=\"\" button_text_size_last_edited=\"on|phone\" custom_css_main_element=\"text-align: center;||box-shadow: 0 3px 6px 0 rgba(0, 0, 0, 0, 0.16);\" box_shadow_style=\"preset2\u2033 box_shadow_horizontal=\"2px\" box_shadow_vertical=\"2px\" box_shadow_blur=\"10px\" box_shadow_color=\"#d3e1ac\" global_colors_info=\"{}\" button_text_color__hover_enabled=\"on|hover\" button_text_color__hover=\"#ffffffffff\" button_bg_color__hover_enabled=\"on|hover\" button_bg_color__hover=\"#93bb23\u2033 button_bg_enable_color__hover=\"on\"][\/et_pb_button][\/et_pb_column][\/et_pb_row][\/et_pb_section]<\/p>","protected":false},"excerpt":{"rendered":"<p>ProjectosProjectosTrabalhamos com grandes empresas e PMEs. Desenvolvemos projectos criativos, com uma vis\u00e3o hol\u00edstica da comunica\u00e7\u00e3o baseada em dados s\u00f3lidos. Entidades p\u00fablicas e organiza\u00e7\u00f5es pol\u00edticas locais e nacionais contaram e continuam a contar com a CECUBO para melhorar a sua estrat\u00e9gia de comunica\u00e7\u00e3o e atingir os seus p\u00fablicos de forma eficaz. Fornecemos \u00e0s PME as ferramentas e a criatividade de que necessitam para [...]<\/p>","protected":false},"author":1,"featured_media":1350,"parent":0,"menu_order":0,"comment_status":"closed","ping_status":"closed","template":"","meta":{"_et_pb_use_builder":"on","_et_pb_old_content":"","_et_gb_content_width":""},"yoast_head":"<!-- This site is optimized with the Yoast SEO plugin v16.7 - https:\/\/yoast.com\/wordpress\/plugins\/seo\/ -->\n<title>Cecubo Group | Proyectos<\/title>\n<meta name=\"robots\" content=\"index, follow, max-snippet:-1, max-image-preview:large, max-video-preview:-1\" \/>\n<link rel=\"canonical\" href=\"https:\/\/www.cecubogroup.com\/pt\/proyectos\/\" \/>\n<meta property=\"og:locale\" content=\"pt_PT\" \/>\n<meta property=\"og:type\" content=\"article\" \/>\n<meta property=\"og:title\" content=\"Cecubo Group | Proyectos\" \/>\n<meta property=\"og:description\" content=\"ProyectosProyectosTrabajamos con grandes empresas y con PyMES. Desarrollamos proyectos creativos, con una visi\u00f3n hol\u00edstica de la comunicaci\u00f3n basada en datos s\u00f3lidos. Entidades p\u00fablicas y organizaciones pol\u00edticas locales y nacionales han contado y cuentan con CECUBO para mejorar su estrategia comunicativa y alcanzar sus audiencias eficazmente. Proporcionamos a las PyMES las herramientas y la creatividad que [&hellip;]\" \/>\n<meta property=\"og:url\" content=\"https:\/\/www.cecubogroup.com\/pt\/proyectos\/\" \/>\n<meta property=\"og:site_name\" content=\"Cecubo Group\" \/>\n<meta property=\"article:modified_time\" content=\"2024-05-30T09:04:06+00:00\" \/>\n<meta property=\"og:image\" content=\"https:\/\/www.cecubogroup.com\/wp-content\/uploads\/2021\/01\/cecubo-green.jpg\" \/>\n\t<meta property=\"og:image:width\" content=\"559\" \/>\n\t<meta property=\"og:image:height\" content=\"373\" \/>\n<meta name=\"twitter:card\" content=\"summary_large_image\" \/>\n<meta name=\"twitter:label1\" content=\"Tempo estimado de leitura\" \/>\n\t<meta name=\"twitter:data1\" content=\"9 minutos\" \/>\n<script type=\"application\/ld+json\" class=\"yoast-schema-graph\">{\"@context\":\"https:\/\/schema.org\",\"@graph\":[{\"@type\":\"WebSite\",\"@id\":\"https:\/\/www.cecubogroup.com\/#website\",\"url\":\"https:\/\/www.cecubogroup.com\/\",\"name\":\"Cecubo Group\",\"description\":\"\",\"potentialAction\":[{\"@type\":\"SearchAction\",\"target\":{\"@type\":\"EntryPoint\",\"urlTemplate\":\"https:\/\/www.cecubogroup.com\/?s={search_term_string}\"},\"query-input\":\"required name=search_term_string\"}],\"inLanguage\":\"pt-PT\"},{\"@type\":\"ImageObject\",\"@id\":\"https:\/\/www.cecubogroup.com\/proyectos\/#primaryimage\",\"inLanguage\":\"pt-PT\",\"url\":\"https:\/\/www.cecubogroup.com\/wp-content\/uploads\/2021\/01\/cecubo-green.jpg\",\"contentUrl\":\"https:\/\/www.cecubogroup.com\/wp-content\/uploads\/2021\/01\/cecubo-green.jpg\",\"width\":559,\"height\":373},{\"@type\":\"WebPage\",\"@id\":\"https:\/\/www.cecubogroup.com\/proyectos\/#webpage\",\"url\":\"https:\/\/www.cecubogroup.com\/proyectos\/\",\"name\":\"Cecubo Group | Proyectos\",\"isPartOf\":{\"@id\":\"https:\/\/www.cecubogroup.com\/#website\"},\"primaryImageOfPage\":{\"@id\":\"https:\/\/www.cecubogroup.com\/proyectos\/#primaryimage\"},\"datePublished\":\"2020-12-15T19:26:49+00:00\",\"dateModified\":\"2024-05-30T09:04:06+00:00\",\"breadcrumb\":{\"@id\":\"https:\/\/www.cecubogroup.com\/proyectos\/#breadcrumb\"},\"inLanguage\":\"pt-PT\",\"potentialAction\":[{\"@type\":\"ReadAction\",\"target\":[\"https:\/\/www.cecubogroup.com\/proyectos\/\"]}]},{\"@type\":\"BreadcrumbList\",\"@id\":\"https:\/\/www.cecubogroup.com\/proyectos\/#breadcrumb\",\"itemListElement\":[{\"@type\":\"ListItem\",\"position\":1,\"name\":\"In\\u00edcio\",\"item\":\"https:\/\/www.cecubogroup.com\/\"},{\"@type\":\"ListItem\",\"position\":2,\"name\":\"Proyectos\"}]}]}<\/script>\n<!-- \/ Yoast SEO plugin. -->","yoast_head_json":{"title":"Cecubo Group | Proyectos","robots":{"index":"index","follow":"follow","max-snippet":"max-snippet:-1","max-image-preview":"max-image-preview:large","max-video-preview":"max-video-preview:-1"},"canonical":"https:\/\/www.cecubogroup.com\/pt\/proyectos\/","og_locale":"pt_PT","og_type":"article","og_title":"Cecubo Group | Proyectos","og_description":"ProyectosProyectosTrabajamos con grandes empresas y con PyMES. Desarrollamos proyectos creativos, con una visi\u00f3n hol\u00edstica de la comunicaci\u00f3n basada en datos s\u00f3lidos. Entidades p\u00fablicas y organizaciones pol\u00edticas locales y nacionales han contado y cuentan con CECUBO para mejorar su estrategia comunicativa y alcanzar sus audiencias eficazmente. Proporcionamos a las PyMES las herramientas y la creatividad que [&hellip;]","og_url":"https:\/\/www.cecubogroup.com\/pt\/proyectos\/","og_site_name":"Cecubo Group","article_modified_time":"2024-05-30T09:04:06+00:00","og_image":[{"width":559,"height":373,"url":"https:\/\/www.cecubogroup.com\/wp-content\/uploads\/2021\/01\/cecubo-green.jpg","path":"\/home\/ce3group\/public_html\/wp-content\/uploads\/2021\/01\/cecubo-green.jpg","size":"full","id":1350,"alt":"","pixels":208507,"type":"image\/jpeg"}],"twitter_card":"summary_large_image","twitter_misc":{"Tempo estimado de leitura":"9 minutos"},"schema":{"@context":"https:\/\/schema.org","@graph":[{"@type":"WebSite","@id":"https:\/\/www.cecubogroup.com\/#website","url":"https:\/\/www.cecubogroup.com\/","name":"Cecubo Group","description":"","potentialAction":[{"@type":"SearchAction","target":{"@type":"EntryPoint","urlTemplate":"https:\/\/www.cecubogroup.com\/?s={search_term_string}"},"query-input":"required name=search_term_string"}],"inLanguage":"pt-PT"},{"@type":"ImageObject","@id":"https:\/\/www.cecubogroup.com\/proyectos\/#primaryimage","inLanguage":"pt-PT","url":"https:\/\/www.cecubogroup.com\/wp-content\/uploads\/2021\/01\/cecubo-green.jpg","contentUrl":"https:\/\/www.cecubogroup.com\/wp-content\/uploads\/2021\/01\/cecubo-green.jpg","width":559,"height":373},{"@type":"WebPage","@id":"https:\/\/www.cecubogroup.com\/proyectos\/#webpage","url":"https:\/\/www.cecubogroup.com\/proyectos\/","name":"Cecubo Group | Proyectos","isPartOf":{"@id":"https:\/\/www.cecubogroup.com\/#website"},"primaryImageOfPage":{"@id":"https:\/\/www.cecubogroup.com\/proyectos\/#primaryimage"},"datePublished":"2020-12-15T19:26:49+00:00","dateModified":"2024-05-30T09:04:06+00:00","breadcrumb":{"@id":"https:\/\/www.cecubogroup.com\/proyectos\/#breadcrumb"},"inLanguage":"pt-PT","potentialAction":[{"@type":"ReadAction","target":["https:\/\/www.cecubogroup.com\/proyectos\/"]}]},{"@type":"BreadcrumbList","@id":"https:\/\/www.cecubogroup.com\/proyectos\/#breadcrumb","itemListElement":[{"@type":"ListItem","position":1,"name":"In\u00edcio","item":"https:\/\/www.cecubogroup.com\/"},{"@type":"ListItem","position":2,"name":"Proyectos"}]}]}},"_links":{"self":[{"href":"https:\/\/www.cecubogroup.com\/pt\/wp-json\/wp\/v2\/pages\/14"}],"collection":[{"href":"https:\/\/www.cecubogroup.com\/pt\/wp-json\/wp\/v2\/pages"}],"about":[{"href":"https:\/\/www.cecubogroup.com\/pt\/wp-json\/wp\/v2\/types\/page"}],"author":[{"embeddable":true,"href":"https:\/\/www.cecubogroup.com\/pt\/wp-json\/wp\/v2\/users\/1"}],"replies":[{"embeddable":true,"href":"https:\/\/www.cecubogroup.com\/pt\/wp-json\/wp\/v2\/comments?post=14"}],"version-history":[{"count":82,"href":"https:\/\/www.cecubogroup.com\/pt\/wp-json\/wp\/v2\/pages\/14\/revisions"}],"predecessor-version":[{"id":7365,"href":"https:\/\/www.cecubogroup.com\/pt\/wp-json\/wp\/v2\/pages\/14\/revisions\/7365"}],"wp:featuredmedia":[{"embeddable":true,"href":"https:\/\/www.cecubogroup.com\/pt\/wp-json\/wp\/v2\/media\/1350"}],"wp:attachment":[{"href":"https:\/\/www.cecubogroup.com\/pt\/wp-json\/wp\/v2\/media?parent=14"}],"curies":[{"name":"wp","href":"https:\/\/api.w.org\/{rel}","templated":true}]}}