{"id":15,"date":"2020-12-15T19:26:53","date_gmt":"2020-12-15T19:26:53","guid":{"rendered":"https:\/\/www.cecubogroup.com\/?page_id=15"},"modified":"2024-02-13T18:55:55","modified_gmt":"2024-02-13T18:55:55","slug":"blog","status":"publish","type":"page","link":"https:\/\/www.cecubogroup.com\/pt\/blog\/","title":{"rendered":"Blogue"},"content":{"rendered":"<p>[et_pb_section fb_built=\"1\u2033 _builder_version=\"4.8.2\u2033 _module_preset=\"default\" background_enable_image=\"off\" background_size=\"initial\" background_position=\"center_right\" custom_padding=\"90px|||0px||||\" background_last_edited=\"on|phone\" background_enable_color_tablet=\"off\" global_colors_info=\"{}\"][et_pb_row _builder_version=\"4.8.1\u2033 _module_preset=\"default\" custom_margin=\"-55px||||false|false\" global_colors_info=\"{}\"][et_pb_column type=\"4_4\u2033 _builder_version=\"4.8.1\u2033 _module_preset=\"default\" global_colors_info=\"{}\"][et_pb_text _builder_version=\"4.8.1\u2033 _module_preset=\"default\" text_font=\"Roboto|500||on|||||\" text_text_color=\"#1a2126\u2033 text_font_size=\"18px\" text_letter_spacing=\"4px\" global_colors_info=\"{}\"]Blogue[\/et_pb_text][et_pb_image src=\"https:\/\/www.cecubogroup.com\/wp-content\/uploads\/2020\/12\/line.svg\" title_text=\"linha\" _builder_version=\"4.7.7\u2033 _module_preset=\"default\" custom_margin=\"-15px||||false|false\" global_colors_info=\"{}\"][\/et_pb_image][\/et_pb_column][\/et_pb_row][et_pb_row disabled_on=\"on|on|off\" _builder_version=\"4.8.1\u2033 _module_preset=\"default\" global_colors_info=\"{}\"][et_pb_column type=\"4_4\u2033 _builder_version=\"4.8.1\u2033 _module_preset=\"default\" global_colors_info=\"{}\"][et_pb_post_slider include_categories=\"current,37,39,33,31,29,35\u2033 show_arrows=\"off\" show_pagination=\"off\" show_meta=\"off\" image_placement=\"right\" module_class=\"slider-blog\" _builder_version=\"4.9.0\u2033 _module_preset=\"default\" header_font=\"Roboto|700|||||||\" header_text_align=\"left\" header_text_color=\"#032F77\u2033 body_font=\"Roboto|500|||||||\" body_text_align=\"left\" body_text_color=\"#4D4D4D4D\" body_font_size=\"18px\" body_line_height=\"1.6em\" meta_font=\"Roboto|500|||||||\" meta_text_color=\"#93BB23\u2033 meta_font_size=\"18px\" background_color=\"RGBA(0,0,0,0,0,0)\" custom_button=\"on\" button_text_size=\"18px\" button_text_color=\"#93BB23\u2033 button_border_width=\"0px\" button_border_color=\"RGBA(0,0,0,0,0)\" button_border_radius=\"0px\" button_font=\"Roboto||||||||\" button_on_hover=\"off\" button_alignment=\"left\" button_custom_margin=\"35px||||false|false\" button_custom_padding=\"|25px|||25px|false|true\" custom_margin=\"-300px||||false|false\" custom_css_main_element=\"background: none;\" custom_css_slide_description=\"sombra de texto:nenhum !important;\" custom_css_slide_title=\"margin-top: 20%;||width: 110%;||margin-left: -63px;\" custom_css_slide_button=\"text-align: center;||margin-left: -85px;\" custom_css_slide_image=\"margin-right: -65px;||width: 55%;\" global_colors_info=\"{}\" button_bg_color__hover_enabled=\"on|hover\" button_bg_color__hover=\"\" button_bg_enable_color__hover=\"off\" custom_css_slide_image_last_edited=\"on|desktop\" custom_css_slide_image_phone=\"margin-right: -4.5%;\" custom_css_slide_image_tablet=\"margin-right: -65px;||width: 55%;\"][\/et_pb_post_slider][\/et_pb_column][\/et_pb_row][\/et_pb_row][et_pb_row disabled_on=\"off|off|on\" _builder_version=\"4.9.0\u2033 _module_preset=\"default\" custom_margin_tablet=\"-40px||||false|false\" custom_margin_phone=\"\" custom_margin_last_edited=\"on|tablet\" global_colors_info=\"{}\"][et_pb_column type=\"4_4\u2033 _builder_version=\"4.8.2\u2033 _module_preset=\"default\" global_colors_info=\"{}\"][et_pb_post_slider include_categories=\"37,39,33,31,29,35\u2033 show_arrows=\"off\" show_pagination=\"off\" show_meta=\"off\" image_placement=\"top\" show_image_video_mobile=\"on\" _builder_version=\"4.9.0\u2033 _module_preset=\"default\" header_font=\"Roboto||||||||\" header_text_color=\"#032F77\u2033 body_font=\"Roboto||||||||\" body_text_color=\"#2f2f2f2f2f\" body_font_size=\"18px\" meta_font=\"Roboto||||||||\" meta_text_color=\"#93BB23\u2033 meta_font_size=\"17px\" background_color=\"RGBA(0,0,0,0,0,0)\" custom_button=\"on\" button_text_color=\"#93BB23\u2033 button_border_width=\"0px\" button_border_radius=\"0px\" button_font=\"Roboto||||||||\" button_on_hover=\"off\" custom_css_slide_description=\"font-weight: normal;||text-shadow:none !important;\" custom_css_slide_title=\"font-weight: bold;\" custom_css_slide_image=\"width: 100%;\" global_colors_info=\"{}\" custom_css_slide_image_last_edited=\"on|phone\" custom_css_slide_image_phone=\"width: 100%;\" custom_css_slide_image_tablet=\"width: 100%;\"][\/et_pb_post_slider][\/et_pb_column][\/et_pb_row][et_pb_row disabled_on=\"on|on|off\" _builder_version=\"4.8.2\u2033 _module_preset=\"default\" positioning=\"absolute\" position_origin_a=\"center_right\" position_origin_f=\"center_right\" vertical_offset=\"0px\" horizontal_offset=\"0px\" custom_padding=\"0px|||0px||true|false\" custom_css_main_element=\"z-index: 1;\" global_colors_info=\"{}\"][et_pb_column type=\"4_4\u2033 _builder_version=\"4.7.7\u2033 _module_preset=\"default\" global_colors_info=\"{}\"][et_pb_image src=\"https:\/\/www.cecubogroup.com\/wp-content\/uploads\/2021\/01\/gray-bck-no-space-s.png\" align=\"right\" _builder_version=\"4.9.0\u2033 _module_preset=\"default\" custom_margin=\"-185px||||false|false\" custom_margin_tablet=\"\" custom_margin_phone=\"\" custom_margin_last_edited=\"on|tablet\" global_colors_info=\"{}\"][\/et_pb_image][\/et_pb_column][\/et_pb_row][\/et_pb_section][et_pb_section fb_built=\"1\u2033 _builder_version=\"4.9.0\u2033 _module_preset=\"default\" background_color=\"#f7f7f7f7f7\u2033 custom_margin=\"-150px||||false|false\" custom_margin_tablet=\"-100px||||false|false\" custom_margin_phone=\"0px||||false|false\" custom_margin_last_edited=\"on|desktop\" background_color_tablet=\"#f7f7f7f7\u2033 background_last_edited=\"on|phone\" background_enable_color_tablet=\"on\" global_colors_info=\"{}\"][et_pb_row disabled_on=\"on|on|on\" _builder_version=\"4.14.2\u2033 _module_preset=\"default\" custom_margin=\"||||false|false\" custom_padding=\"||||false|false\" disabled=\"on\" global_colors_info=\"{}\"][et_pb_column type=\"4_4\u2033 _builder_version=\"4.9.0\u2033 _module_preset=\"default\" global_colors_info=\"{}\"][et_pb_text disabled_on=\"off|off|off\" _builder_version=\"4.9.0\u2033 _module_preset=\"default\" text_font=\"Roboto|500|||||||\" text_text_color=\"#032F77\u2033 link_font=\"Roboto|500|||||||\" link_text_color=\"#032f77\u2033 custom_margin=\"-55px||||false|false\" custom_margin_tablet=\"||||false|false\" custom_margin_phone=\"\" custom_margin_last_edited=\"on|phone\" custom_padding_tablet=\"||||false|false\" custom_padding_phone=\"\" custom_padding_last_edited=\"on|tablet\" custom_css_main_element=\"font-weight: 500;\" global_colors_info=\"{}\" link_text_color__hover_enabled=\"on|hover\" link_text_color__hover=\"#93BB23\u2033]]<\/p>\n<p><a href=\"https:\/\/www.cecubogroup.com\/pt\/?s=&amp;et_pb_searchform_submit=et_search_proccess\">Todos<\/a>\u00a0\u00a0\u00a0\u00a0\u00a0<a href=\"https:\/\/www.cecubogroup.com\/pt\/category\/audiencias-digitales\/\">Audi\u00eancias digitais<\/a>\u00a0\u00a0\u00a0\u00a0\u00a0<a href=\"https:\/\/www.cecubogroup.com\/pt\/category\/escuela-del-dialogo\/\">Escola de di\u00e1logo<\/a>\u00a0\u00a0\u00a0\u00a0\u00a0<a href=\"https:\/\/www.cecubogroup.com\/pt\/category\/estudio-criativo\/\">Est\u00fadio criativo<\/a>\u00a0\u00a0\u00a0\u00a0\u00a0<a href=\"https:\/\/www.cecubogroup.com\/pt\/category\/gabinetes-de-comunicacion\/\">Gabinetes de comunica\u00e7\u00e3o<\/a>\u00a0\u00a0\u00a0\u00a0\u00a0<a href=\"https:\/\/www.cecubogroup.com\/pt\/category\/medir-la-comunicacion\/\">Medir a comunica\u00e7\u00e3o<\/a>\u00a0\u00a0\u00a0\u00a0\u00a0<a href=\"https:\/\/www.cecubogroup.com\/pt\/category\/uic\/\">UIC<\/a><\/p>\n<p>[\/et_pb_text][et_pb_search exclude_pages=\"on\" include_categories=\"16,1,25\u2033 placeholder=\" Search\" placeholder_color=\"#032F77\u2033 module_class=\"ds-icon-search\" _builder_version=\"4.9.0\u2033 _module_preset=\"default\" background_color=\"#e9ecf0\u2033 custom_margin=\"||||false|false\" custom_margin_tablet=\"||||false|false\" custom_margin_phone=\"\" custom_margin_last_edited=\"on|desktop\" custom_padding=\"|0.715em|0.715em|0.715em|false|false|false\" border_radii=\"on|1vw|1vw|1vw|1vw|1vw|1vw|1vw\" border_width_all=\"0px\" border_radii_tablet=\"on|4vw|4vw|4vw|4vw|4vw|4vw|4vw\" border_radii_phone=\"on|5vw|5vw|5vw|5vw|5vw|5vw\" border_radii_last_edited=\"on|tablet\" global_colors_info=\"{}\"][\/et_pb_search][\/et_pb_column][\/et_pb_row][et_pb_row use_custom_gutter=\"on\" gutter_width=\"2\u2033 _builder_version=\"4.9.0\u2033 _module_preset=\"default\" custom_margin=\"||||false|false\" custom_margin_tablet=\"\" custom_margin_phone=\"\" custom_margin_last_edited=\"on|desktop\" global_colors_info=\"{}\"][et_pb_column type=\"4_4\u2033 _builder_version=\"4.8.1\u2033 _module_preset=\"default\" global_colors_info=\"{}\"][et_pb_blog fullwidth=\"off\" posts_number=\"9\u2033 include_categories=\"35,29,31,33,39,37\u2033 show_more=\"on\" show_author=\"off\" show_date=\"off\" show_excerpt=\"off\" module_class=\"bc-blog-blog\" _builder_version=\"4.14.2\u2033 _module_preset=\"default\" header_font=\"Roboto|700|||||||\" header_text_color=\"#4d4d4d4d4d\" header_font_size=\"20px\" header_line_height=\"1.4em\" body_font=\"Roboto|300|||||||\" body_text_color=\"#4d4d4d4d\" body_font_size=\"18px\" meta_font=\"Roboto|500|||||||\" meta_text_color=\"#93BB23\u2033 meta_font_size=\"16px\" meta_letter_spacing=\"0.1px\" meta_line_height=\"1.5em\" read_more_font=\"Roboto|500|||||||\" read_more_text_color=\"#032F77\u2033 read_more_font_size=\"16px\" pagination_font=\"Roboto|500|||||||\" pagination_text_color=\"#032F77\u2033 pagination_font_size=\"16px\" hover_enabled=\"0\u2033 custom_css_title=\"font-weight: bold;\" custom_css_post_meta=\"margin-top: 15px;||pointer-events: none;\" custom_css_read_more=\"text-transform:capitalize;||display: inline-block !important;||margin-top: 20px;||margin-bottom: 10px;\" border_radii=\"on|1vw|1vw|1vw|1vw|1vw|1vw\" border_radii_tablet=\"on|4vw|4vw|4vw|4vw|4vw|4vw|4vw|4vw\" border_radii_phone=\"on|5vw|5vw|5vw|5vw|5vw\" border_radii_last_edited=\"on|tablet\" box_shadow_style=\"preset1\u2033 global_colors_info=\"{}\" read_more_text_color__hover_enabled=\"on|desktop\" read_more_text_color__hover=\"#93BB23\u2033 pagination_text_color__hover_enabled=\"on|hover\" pagination_text_color__hover=\"#93BB23\u2033 sticky_enabled=\"0\u2033][\/et_pb_blog][\/et_pb_column][\/et_pb_row][\/et_pb_section]<\/p>","protected":false},"excerpt":{"rendered":"<p>BlogueTudo sobre P\u00fablicos digitais Escola de di\u00e1logo Est\u00fadio criativo Gabinetes de comunica\u00e7\u00e3o Medir a comunica\u00e7\u00e3o da UIC<\/p>","protected":false},"author":1,"featured_media":1350,"parent":0,"menu_order":0,"comment_status":"closed","ping_status":"closed","template":"","meta":{"_et_pb_use_builder":"on","_et_pb_old_content":"","_et_gb_content_width":""},"yoast_head":"<!-- This site is optimized with the Yoast SEO plugin v16.7 - https:\/\/yoast.com\/wordpress\/plugins\/seo\/ -->\n<title>Cecubo Group | Blog<\/title>\n<meta name=\"robots\" content=\"index, follow, max-snippet:-1, max-image-preview:large, max-video-preview:-1\" \/>\n<link rel=\"canonical\" href=\"https:\/\/www.cecubogroup.com\/pt\/blog\/\" \/>\n<meta property=\"og:locale\" content=\"pt_PT\" \/>\n<meta property=\"og:type\" content=\"article\" \/>\n<meta property=\"og:title\" content=\"Cecubo Group | Blog\" \/>\n<meta property=\"og:description\" content=\"BlogTodas\u00a0\u00a0\u00a0\u00a0\u00a0Audiencias digitales\u00a0\u00a0\u00a0\u00a0\u00a0Escuela del di\u00e1logo\u00a0\u00a0\u00a0\u00a0\u00a0Estudio creativo\u00a0\u00a0\u00a0\u00a0\u00a0Gabinetes de comunicaci\u00f3n\u00a0\u00a0\u00a0\u00a0\u00a0Medir la comunicaci\u00f3n\u00a0\u00a0\u00a0\u00a0\u00a0UIC\" \/>\n<meta property=\"og:url\" content=\"https:\/\/www.cecubogroup.com\/pt\/blog\/\" \/>\n<meta property=\"og:site_name\" content=\"Cecubo Group\" \/>\n<meta property=\"article:modified_time\" content=\"2024-02-13T18:55:55+00:00\" \/>\n<meta property=\"og:image\" content=\"https:\/\/www.cecubogroup.com\/wp-content\/uploads\/2021\/01\/cecubo-green.jpg\" \/>\n\t<meta property=\"og:image:width\" content=\"559\" \/>\n\t<meta property=\"og:image:height\" content=\"373\" \/>\n<meta name=\"twitter:card\" content=\"summary_large_image\" \/>\n<meta name=\"twitter:label1\" content=\"Tempo estimado de leitura\" \/>\n\t<meta name=\"twitter:data1\" content=\"6 minutos\" \/>\n<script type=\"application\/ld+json\" class=\"yoast-schema-graph\">{\"@context\":\"https:\/\/schema.org\",\"@graph\":[{\"@type\":\"WebSite\",\"@id\":\"https:\/\/www.cecubogroup.com\/#website\",\"url\":\"https:\/\/www.cecubogroup.com\/\",\"name\":\"Cecubo Group\",\"description\":\"\",\"potentialAction\":[{\"@type\":\"SearchAction\",\"target\":{\"@type\":\"EntryPoint\",\"urlTemplate\":\"https:\/\/www.cecubogroup.com\/?s={search_term_string}\"},\"query-input\":\"required name=search_term_string\"}],\"inLanguage\":\"pt-PT\"},{\"@type\":\"ImageObject\",\"@id\":\"https:\/\/www.cecubogroup.com\/blog\/#primaryimage\",\"inLanguage\":\"pt-PT\",\"url\":\"https:\/\/www.cecubogroup.com\/wp-content\/uploads\/2021\/01\/cecubo-green.jpg\",\"contentUrl\":\"https:\/\/www.cecubogroup.com\/wp-content\/uploads\/2021\/01\/cecubo-green.jpg\",\"width\":559,\"height\":373},{\"@type\":\"WebPage\",\"@id\":\"https:\/\/www.cecubogroup.com\/blog\/#webpage\",\"url\":\"https:\/\/www.cecubogroup.com\/blog\/\",\"name\":\"Cecubo Group | Blog\",\"isPartOf\":{\"@id\":\"https:\/\/www.cecubogroup.com\/#website\"},\"primaryImageOfPage\":{\"@id\":\"https:\/\/www.cecubogroup.com\/blog\/#primaryimage\"},\"datePublished\":\"2020-12-15T19:26:53+00:00\",\"dateModified\":\"2024-02-13T18:55:55+00:00\",\"breadcrumb\":{\"@id\":\"https:\/\/www.cecubogroup.com\/blog\/#breadcrumb\"},\"inLanguage\":\"pt-PT\",\"potentialAction\":[{\"@type\":\"ReadAction\",\"target\":[\"https:\/\/www.cecubogroup.com\/blog\/\"]}]},{\"@type\":\"BreadcrumbList\",\"@id\":\"https:\/\/www.cecubogroup.com\/blog\/#breadcrumb\",\"itemListElement\":[{\"@type\":\"ListItem\",\"position\":1,\"name\":\"In\\u00edcio\",\"item\":\"https:\/\/www.cecubogroup.com\/\"},{\"@type\":\"ListItem\",\"position\":2,\"name\":\"Blog\"}]}]}<\/script>\n<!-- \/ Yoast SEO plugin. -->","yoast_head_json":{"title":"Cecubo Group | Blog","robots":{"index":"index","follow":"follow","max-snippet":"max-snippet:-1","max-image-preview":"max-image-preview:large","max-video-preview":"max-video-preview:-1"},"canonical":"https:\/\/www.cecubogroup.com\/pt\/blog\/","og_locale":"pt_PT","og_type":"article","og_title":"Cecubo Group | Blog","og_description":"BlogTodas\u00a0\u00a0\u00a0\u00a0\u00a0Audiencias digitales\u00a0\u00a0\u00a0\u00a0\u00a0Escuela del di\u00e1logo\u00a0\u00a0\u00a0\u00a0\u00a0Estudio creativo\u00a0\u00a0\u00a0\u00a0\u00a0Gabinetes de comunicaci\u00f3n\u00a0\u00a0\u00a0\u00a0\u00a0Medir la comunicaci\u00f3n\u00a0\u00a0\u00a0\u00a0\u00a0UIC","og_url":"https:\/\/www.cecubogroup.com\/pt\/blog\/","og_site_name":"Cecubo Group","article_modified_time":"2024-02-13T18:55:55+00:00","og_image":[{"width":559,"height":373,"url":"https:\/\/www.cecubogroup.com\/wp-content\/uploads\/2021\/01\/cecubo-green.jpg","path":"\/home\/ce3group\/public_html\/wp-content\/uploads\/2021\/01\/cecubo-green.jpg","size":"full","id":1350,"alt":"","pixels":208507,"type":"image\/jpeg"}],"twitter_card":"summary_large_image","twitter_misc":{"Tempo estimado de leitura":"6 minutos"},"schema":{"@context":"https:\/\/schema.org","@graph":[{"@type":"WebSite","@id":"https:\/\/www.cecubogroup.com\/#website","url":"https:\/\/www.cecubogroup.com\/","name":"Cecubo Group","description":"","potentialAction":[{"@type":"SearchAction","target":{"@type":"EntryPoint","urlTemplate":"https:\/\/www.cecubogroup.com\/?s={search_term_string}"},"query-input":"required name=search_term_string"}],"inLanguage":"pt-PT"},{"@type":"ImageObject","@id":"https:\/\/www.cecubogroup.com\/blog\/#primaryimage","inLanguage":"pt-PT","url":"https:\/\/www.cecubogroup.com\/wp-content\/uploads\/2021\/01\/cecubo-green.jpg","contentUrl":"https:\/\/www.cecubogroup.com\/wp-content\/uploads\/2021\/01\/cecubo-green.jpg","width":559,"height":373},{"@type":"WebPage","@id":"https:\/\/www.cecubogroup.com\/blog\/#webpage","url":"https:\/\/www.cecubogroup.com\/blog\/","name":"Cecubo Group | Blog","isPartOf":{"@id":"https:\/\/www.cecubogroup.com\/#website"},"primaryImageOfPage":{"@id":"https:\/\/www.cecubogroup.com\/blog\/#primaryimage"},"datePublished":"2020-12-15T19:26:53+00:00","dateModified":"2024-02-13T18:55:55+00:00","breadcrumb":{"@id":"https:\/\/www.cecubogroup.com\/blog\/#breadcrumb"},"inLanguage":"pt-PT","potentialAction":[{"@type":"ReadAction","target":["https:\/\/www.cecubogroup.com\/blog\/"]}]},{"@type":"BreadcrumbList","@id":"https:\/\/www.cecubogroup.com\/blog\/#breadcrumb","itemListElement":[{"@type":"ListItem","position":1,"name":"In\u00edcio","item":"https:\/\/www.cecubogroup.com\/"},{"@type":"ListItem","position":2,"name":"Blog"}]}]}},"_links":{"self":[{"href":"https:\/\/www.cecubogroup.com\/pt\/wp-json\/wp\/v2\/pages\/15"}],"collection":[{"href":"https:\/\/www.cecubogroup.com\/pt\/wp-json\/wp\/v2\/pages"}],"about":[{"href":"https:\/\/www.cecubogroup.com\/pt\/wp-json\/wp\/v2\/types\/page"}],"author":[{"embeddable":true,"href":"https:\/\/www.cecubogroup.com\/pt\/wp-json\/wp\/v2\/users\/1"}],"replies":[{"embeddable":true,"href":"https:\/\/www.cecubogroup.com\/pt\/wp-json\/wp\/v2\/comments?post=15"}],"version-history":[{"count":198,"href":"https:\/\/www.cecubogroup.com\/pt\/wp-json\/wp\/v2\/pages\/15\/revisions"}],"predecessor-version":[{"id":7022,"href":"https:\/\/www.cecubogroup.com\/pt\/wp-json\/wp\/v2\/pages\/15\/revisions\/7022"}],"wp:featuredmedia":[{"embeddable":true,"href":"https:\/\/www.cecubogroup.com\/pt\/wp-json\/wp\/v2\/media\/1350"}],"wp:attachment":[{"href":"https:\/\/www.cecubogroup.com\/pt\/wp-json\/wp\/v2\/media?parent=15"}],"curies":[{"name":"wp","href":"https:\/\/api.w.org\/{rel}","templated":true}]}}