{"id":5914,"date":"2021-03-19T19:49:21","date_gmt":"2021-03-19T19:49:21","guid":{"rendered":"https:\/\/www.cecubogroup.com\/?page_id=5914"},"modified":"2021-03-19T21:48:32","modified_gmt":"2021-03-19T21:48:32","slug":"gracias","status":"publish","type":"page","link":"https:\/\/www.cecubogroup.com\/pt\/gracias\/","title":{"rendered":"Obrigado"},"content":{"rendered":"<p>[et_pb_section fb_built=\u00bb1&#8243; _builder_version=\u00bb4.9.0&#8243; _module_preset=\u00bbdefault\u00bb background_color=\u00bb#f6f6f6&#8243; custom_padding=\u00bb0px|||||\u00bb][et_pb_row _builder_version=\u00bb4.8.1&#8243; _module_preset=\u00bbdefault\u00bb custom_margin=\u00bb||||false|false\u00bb custom_padding=\u00bb||0px||false|false\u00bb][et_pb_column type=\u00bb4_4&#8243; _builder_version=\u00bb4.8.1&#8243; _module_preset=\u00bbdefault\u00bb][et_pb_text _builder_version=\u00bb4.9.0&#8243; _module_preset=\u00bbdefault\u00bb text_font=\u00bbRoboto|500||on|||||\u00bb text_text_color=\u00bb#1a2126&#8243; text_font_size=\u00bb18px\u00bb text_letter_spacing=\u00bb4px\u00bb hover_enabled=\u00bb0&#8243; sticky_enabled=\u00bb0&#8243;]gracias[\/et_pb_text][et_pb_image src=\u00bbhttps:\/\/www.cecubogroup.com\/wp-content\/uploads\/2020\/12\/line.svg\u00bb title_text=\u00bbline\u00bb _builder_version=\u00bb4.7.7&#8243; _module_preset=\u00bbdefault\u00bb custom_margin=\u00bb-15px||||false|false\u00bb][\/et_pb_image][\/et_pb_column][\/et_pb_row][et_pb_row _builder_version=\u00bb4.9.0&#8243; _module_preset=\u00bbdefault\u00bb][et_pb_column type=\u00bb4_4&#8243; _builder_version=\u00bb4.9.0&#8243; _module_preset=\u00bbdefault\u00bb][et_pb_text _builder_version=\u00bb4.9.0&#8243; _module_preset=\u00bbdefault\u00bb text_font=\u00bbRoboto|700|||||||\u00bb text_text_color=\u00bb#032f77&#8243; text_font_size=\u00bb46px\u00bb text_line_height=\u00bb1.1em\u00bb custom_margin=\u00bb||||false|false\u00bb custom_padding=\u00bb||||false|false\u00bb custom_css_main_element=\u00bbfont-weight: 900;\u00bb]Tu mensaje ha sido enviado con \u00e9xito[\/et_pb_text][\/et_pb_column][\/et_pb_row][et_pb_row _builder_version=\u00bb4.9.0&#8243; _module_preset=\u00bbdefault\u00bb][et_pb_column type=\u00bb4_4&#8243; _builder_version=\u00bb4.9.0&#8243; _module_preset=\u00bbdefault\u00bb][et_pb_text _builder_version=\u00bb4.9.0&#8243; _module_preset=\u00bbdefault\u00bb text_font=\u00bbRoboto||||||||\u00bb text_text_color=\u00bb#4d4d4d\u00bb text_font_size=\u00bb18px\u00bb text_line_height=\u00bb1.6em\u00bb custom_padding=\u00bb30px||||false|false\u00bb hover_enabled=\u00bb0&#8243; custom_css_main_element=\u00bbfont-weight: 400;\u00bb sticky_enabled=\u00bb0&#8243;]Tus datos han sido transmitidos a uno de nuestros consultores que se pondr\u00e1 en contacto contigo en breve. Mientras tanto, te invitamos a seguirnos en nuestras redes sociales a trav\u00e9s de los enlaces al pie de la p\u00e1gina.[\/et_pb_text][\/et_pb_column][\/et_pb_row][\/et_pb_section]<\/p>","protected":false},"excerpt":{"rendered":"<p>obrigadoA sua mensagem foi enviada com sucessoOs seus dados foram transmitidos a um dos nossos consultores que o contactar\u00e1 em breve. Entretanto, convidamo-lo a seguir-nos nas nossas redes sociais atrav\u00e9s dos links no fundo da p\u00e1gina.<\/p>","protected":false},"author":1,"featured_media":1350,"parent":0,"menu_order":0,"comment_status":"closed","ping_status":"closed","template":"","meta":{"_et_pb_use_builder":"on","_et_pb_old_content":"","_et_gb_content_width":""},"yoast_head":"<!-- This site is optimized with the Yoast SEO plugin v16.7 - https:\/\/yoast.com\/wordpress\/plugins\/seo\/ -->\n<title>Cecubo Group | Gracias<\/title>\n<meta name=\"robots\" content=\"index, follow, max-snippet:-1, max-image-preview:large, max-video-preview:-1\" \/>\n<link rel=\"canonical\" href=\"https:\/\/www.cecubogroup.com\/pt\/gracias\/\" \/>\n<meta property=\"og:locale\" content=\"pt_PT\" \/>\n<meta property=\"og:type\" content=\"article\" \/>\n<meta property=\"og:title\" content=\"Cecubo Group | Gracias\" \/>\n<meta property=\"og:description\" content=\"graciasTu mensaje ha sido enviado con \u00e9xitoTus datos han sido transmitidos a uno de nuestros consultores que se pondr\u00e1 en contacto contigo en breve. Mientras tanto, te invitamos a seguirnos en nuestras redes sociales a trav\u00e9s de los enlaces al pie de la p\u00e1gina.\" \/>\n<meta property=\"og:url\" content=\"https:\/\/www.cecubogroup.com\/pt\/gracias\/\" \/>\n<meta property=\"og:site_name\" content=\"Cecubo Group\" \/>\n<meta property=\"article:modified_time\" content=\"2021-03-19T21:48:32+00:00\" \/>\n<meta property=\"og:image\" content=\"https:\/\/www.cecubogroup.com\/wp-content\/uploads\/2021\/01\/cecubo-green.jpg\" \/>\n\t<meta property=\"og:image:width\" content=\"559\" \/>\n\t<meta property=\"og:image:height\" content=\"373\" \/>\n<meta name=\"twitter:card\" content=\"summary_large_image\" \/>\n<meta name=\"twitter:label1\" content=\"Tempo estimado de leitura\" \/>\n\t<meta name=\"twitter:data1\" content=\"1 minuto\" \/>\n<script type=\"application\/ld+json\" class=\"yoast-schema-graph\">{\"@context\":\"https:\/\/schema.org\",\"@graph\":[{\"@type\":\"WebSite\",\"@id\":\"https:\/\/www.cecubogroup.com\/#website\",\"url\":\"https:\/\/www.cecubogroup.com\/\",\"name\":\"Cecubo Group\",\"description\":\"\",\"potentialAction\":[{\"@type\":\"SearchAction\",\"target\":{\"@type\":\"EntryPoint\",\"urlTemplate\":\"https:\/\/www.cecubogroup.com\/?s={search_term_string}\"},\"query-input\":\"required name=search_term_string\"}],\"inLanguage\":\"pt-PT\"},{\"@type\":\"ImageObject\",\"@id\":\"https:\/\/www.cecubogroup.com\/gracias\/#primaryimage\",\"inLanguage\":\"pt-PT\",\"url\":\"https:\/\/www.cecubogroup.com\/wp-content\/uploads\/2021\/01\/cecubo-green.jpg\",\"contentUrl\":\"https:\/\/www.cecubogroup.com\/wp-content\/uploads\/2021\/01\/cecubo-green.jpg\",\"width\":559,\"height\":373},{\"@type\":\"WebPage\",\"@id\":\"https:\/\/www.cecubogroup.com\/gracias\/#webpage\",\"url\":\"https:\/\/www.cecubogroup.com\/gracias\/\",\"name\":\"Cecubo Group | Gracias\",\"isPartOf\":{\"@id\":\"https:\/\/www.cecubogroup.com\/#website\"},\"primaryImageOfPage\":{\"@id\":\"https:\/\/www.cecubogroup.com\/gracias\/#primaryimage\"},\"datePublished\":\"2021-03-19T19:49:21+00:00\",\"dateModified\":\"2021-03-19T21:48:32+00:00\",\"breadcrumb\":{\"@id\":\"https:\/\/www.cecubogroup.com\/gracias\/#breadcrumb\"},\"inLanguage\":\"pt-PT\",\"potentialAction\":[{\"@type\":\"ReadAction\",\"target\":[\"https:\/\/www.cecubogroup.com\/gracias\/\"]}]},{\"@type\":\"BreadcrumbList\",\"@id\":\"https:\/\/www.cecubogroup.com\/gracias\/#breadcrumb\",\"itemListElement\":[{\"@type\":\"ListItem\",\"position\":1,\"name\":\"In\\u00edcio\",\"item\":\"https:\/\/www.cecubogroup.com\/\"},{\"@type\":\"ListItem\",\"position\":2,\"name\":\"Gracias\"}]}]}<\/script>\n<!-- \/ Yoast SEO plugin. -->","yoast_head_json":{"title":"Cecubo Group | Gracias","robots":{"index":"index","follow":"follow","max-snippet":"max-snippet:-1","max-image-preview":"max-image-preview:large","max-video-preview":"max-video-preview:-1"},"canonical":"https:\/\/www.cecubogroup.com\/pt\/gracias\/","og_locale":"pt_PT","og_type":"article","og_title":"Cecubo Group | Gracias","og_description":"graciasTu mensaje ha sido enviado con \u00e9xitoTus datos han sido transmitidos a uno de nuestros consultores que se pondr\u00e1 en contacto contigo en breve. Mientras tanto, te invitamos a seguirnos en nuestras redes sociales a trav\u00e9s de los enlaces al pie de la p\u00e1gina.","og_url":"https:\/\/www.cecubogroup.com\/pt\/gracias\/","og_site_name":"Cecubo Group","article_modified_time":"2021-03-19T21:48:32+00:00","og_image":[{"width":559,"height":373,"url":"https:\/\/www.cecubogroup.com\/wp-content\/uploads\/2021\/01\/cecubo-green.jpg","path":"\/home\/ce3group\/public_html\/wp-content\/uploads\/2021\/01\/cecubo-green.jpg","size":"full","id":1350,"alt":"","pixels":208507,"type":"image\/jpeg"}],"twitter_card":"summary_large_image","twitter_misc":{"Tempo estimado de leitura":"1 minuto"},"schema":{"@context":"https:\/\/schema.org","@graph":[{"@type":"WebSite","@id":"https:\/\/www.cecubogroup.com\/#website","url":"https:\/\/www.cecubogroup.com\/","name":"Cecubo Group","description":"","potentialAction":[{"@type":"SearchAction","target":{"@type":"EntryPoint","urlTemplate":"https:\/\/www.cecubogroup.com\/?s={search_term_string}"},"query-input":"required name=search_term_string"}],"inLanguage":"pt-PT"},{"@type":"ImageObject","@id":"https:\/\/www.cecubogroup.com\/gracias\/#primaryimage","inLanguage":"pt-PT","url":"https:\/\/www.cecubogroup.com\/wp-content\/uploads\/2021\/01\/cecubo-green.jpg","contentUrl":"https:\/\/www.cecubogroup.com\/wp-content\/uploads\/2021\/01\/cecubo-green.jpg","width":559,"height":373},{"@type":"WebPage","@id":"https:\/\/www.cecubogroup.com\/gracias\/#webpage","url":"https:\/\/www.cecubogroup.com\/gracias\/","name":"Cecubo Group | Gracias","isPartOf":{"@id":"https:\/\/www.cecubogroup.com\/#website"},"primaryImageOfPage":{"@id":"https:\/\/www.cecubogroup.com\/gracias\/#primaryimage"},"datePublished":"2021-03-19T19:49:21+00:00","dateModified":"2021-03-19T21:48:32+00:00","breadcrumb":{"@id":"https:\/\/www.cecubogroup.com\/gracias\/#breadcrumb"},"inLanguage":"pt-PT","potentialAction":[{"@type":"ReadAction","target":["https:\/\/www.cecubogroup.com\/gracias\/"]}]},{"@type":"BreadcrumbList","@id":"https:\/\/www.cecubogroup.com\/gracias\/#breadcrumb","itemListElement":[{"@type":"ListItem","position":1,"name":"In\u00edcio","item":"https:\/\/www.cecubogroup.com\/"},{"@type":"ListItem","position":2,"name":"Gracias"}]}]}},"_links":{"self":[{"href":"https:\/\/www.cecubogroup.com\/pt\/wp-json\/wp\/v2\/pages\/5914"}],"collection":[{"href":"https:\/\/www.cecubogroup.com\/pt\/wp-json\/wp\/v2\/pages"}],"about":[{"href":"https:\/\/www.cecubogroup.com\/pt\/wp-json\/wp\/v2\/types\/page"}],"author":[{"embeddable":true,"href":"https:\/\/www.cecubogroup.com\/pt\/wp-json\/wp\/v2\/users\/1"}],"replies":[{"embeddable":true,"href":"https:\/\/www.cecubogroup.com\/pt\/wp-json\/wp\/v2\/comments?post=5914"}],"version-history":[{"count":3,"href":"https:\/\/www.cecubogroup.com\/pt\/wp-json\/wp\/v2\/pages\/5914\/revisions"}],"predecessor-version":[{"id":5920,"href":"https:\/\/www.cecubogroup.com\/pt\/wp-json\/wp\/v2\/pages\/5914\/revisions\/5920"}],"wp:featuredmedia":[{"embeddable":true,"href":"https:\/\/www.cecubogroup.com\/pt\/wp-json\/wp\/v2\/media\/1350"}],"wp:attachment":[{"href":"https:\/\/www.cecubogroup.com\/pt\/wp-json\/wp\/v2\/media?parent=5914"}],"curies":[{"name":"wp","href":"https:\/\/api.w.org\/{rel}","templated":true}]}}