{"id":974,"date":"2021-01-16T12:30:45","date_gmt":"2021-01-16T12:30:45","guid":{"rendered":"https:\/\/www.cecubogroup.com\/?page_id=974"},"modified":"2024-05-07T15:42:20","modified_gmt":"2024-05-07T15:42:20","slug":"aviso-legal","status":"publish","type":"page","link":"https:\/\/www.cecubogroup.com\/pt\/aviso-legal\/","title":{"rendered":"Aviso legal"},"content":{"rendered":"<p>[et_pb_section fb_built=\"1\u2033 admin_label=\"section\" _builder_version=\"4.16\u2033 global_colors_info=\"{}\"][et_pb_row admin_label=\"row\" _builder_version=\"4.16\u2033 background_size=\"initial\" background_position=\"top_left\" background_repeat=\"repeat\" global_colors_info=\"{}\"][et_pb_column type=\"4_4\u2033 _builder_version=\"4.16\u2033 custom_padding=\"||||\" global_colors_info=\"{}\" custom_padding__hover=\"||||\"][et_pb_text admin_label=\"Texto\" _builder_version=\"4.24.0\u2033 background_size=\"initial\" background_position=\"top_left\" background_repeat=\"repeat\" hover_enabled=\"0\u2033 global_colors_info=\"{}\" sticky_enabled=\"0\u2033]]<\/p>\n<p><strong>AVISO LEGAL<\/strong><\/p>\n<p><strong>- DADOS DA ENTIDADE<\/strong><\/p>\n<p>Em cumprimento do artigo 10\u00ba da Lei 34\/2002, de 11 de julho, de Servi\u00e7os da Sociedade da Informa\u00e7\u00e3o e Com\u00e9rcio Eletr\u00f3nico, STRATEGY AND ANALYTICS ESTANCIA C3 SLU informa que est\u00e1 inscrita no Registo Comercial de A CORU\u00d1A T 3442 , F 151, S 8, H C 48278 e que os seus dados de identifica\u00e7\u00e3o s\u00e3o os seguintes<\/p>\n<ul>\n<li>Nome da empresa: STRATEGY AND ANALYTICS ESTANCIA C3 SLU<\/li>\n<li>Nome comercial: CECUBO<\/li>\n<li>C.I.F.: B70318274<\/li>\n<li>Sede social: AVDA RICARDO SANCHEZ 34 PORTAL 3 3B 15600 - PONTEDEUME (A CORU\u00d1A)<\/li>\n<li>Telefone: 661514900<\/li>\n<li>Correio eletr\u00f3nico para fins de comunica\u00e7\u00e3o: <a href=\"mailto:administracion@cecubogroup.com\">administracion@cecubogroup.com<\/a><\/li>\n<li>Dom\u00ednio WEB: www.cecubogroup.com<\/li>\n<\/ul>\n<p>Todas as notifica\u00e7\u00f5es e comunica\u00e7\u00f5es entre os utilizadores e a STRATEGY AND ANALYTICS ESTANCIA C3 SLU ser\u00e3o consideradas eficazes, para todos os efeitos, quando forem efectuadas por via postal ou por qualquer outro dos meios acima referidos.<\/p>\n<p><strong>- CONDI\u00c7\u00d5ES DE ACESSO E UTILIZA\u00c7\u00c3O<\/strong><\/p>\n<p>O presente aviso legal regula a utiliza\u00e7\u00e3o do s\u00edtio Web www.cecubogroup.com (doravante, O S\u00cdTIO WEB), propriedade da STRATEGY AND ANALYTICS ESTANCIA C3 SLU.<\/p>\n<p>A navega\u00e7\u00e3o no s\u00edtio Web da STRATEGY AND ANALYTICS ESTANCIA C3 SLU confere a condi\u00e7\u00e3o de utilizador do mesmo e implica a aceita\u00e7\u00e3o plena e sem reservas de todas e cada uma das disposi\u00e7\u00f5es inclu\u00eddas no presente Aviso Legal, que pode sofrer modifica\u00e7\u00f5es.<\/p>\n<p>No entanto, a STRATEGY AND ANALYTICS ESTANCIA C3 SLU condiciona a utiliza\u00e7\u00e3o de alguns dos servi\u00e7os oferecidos no seu s\u00edtio Web ao preenchimento pr\u00e9vio do formul\u00e1rio correspondente.<\/p>\n<p>Todos os conte\u00fados do site, tais como textos, fotografias, gr\u00e1ficos, imagens, \u00edcones, tecnologia, software, bem como o seu design e c\u00f3digos fonte, constituem uma obra cuja propriedade pertence \u00e0 STRATEGY AND ANALYTICS ESTANCIA C3 SLU, e nenhum dos direitos de explora\u00e7\u00e3o dos mesmos pode ser entendido como transferido para o utilizador para al\u00e9m do estritamente necess\u00e1rio para a correcta utiliza\u00e7\u00e3o do site.<\/p>\n<p>O utilizador garante a autenticidade e a atualidade de todos os dados fornecidos \u00e0 STRATEGY AND ANALYTICS ESTANCIA C3 SLU e \u00e9 o \u00fanico respons\u00e1vel por quaisquer declara\u00e7\u00f5es falsas ou inexactas.<\/p>\n<p>O utilizador compromete-se a fazer uma utiliza\u00e7\u00e3o correcta do s\u00edtio Web, em conformidade com as leis, a boa f\u00e9, a ordem p\u00fablica, os usos do tr\u00e1fego e o presente Aviso Legal. O utilizador ser\u00e1 respons\u00e1vel perante a STRATEGY AND ANALYTICS ESTANCIA C3 SLU ou perante terceiros pelos danos e preju\u00edzos que possam ser causados em consequ\u00eancia do incumprimento desta obriga\u00e7\u00e3o.<\/p>\n<p><strong>- POL\u00cdTICA DE LIGA\u00c7\u00c3O E ISEN\u00c7\u00d5ES DE RESPONSABILIDADE<\/strong><\/p>\n<p>STRATEGY AND ANALYTICS ESTANCIA C3 SLU n\u00e3o se responsabiliza pelo conte\u00fado das p\u00e1ginas web a que o utilizador possa aceder atrav\u00e9s das liga\u00e7\u00f5es estabelecidas no S\u00cdTIO WEB e declara que, em caso algum, examinar\u00e1 ou exercer\u00e1 qualquer tipo de controlo sobre o conte\u00fado de outras p\u00e1ginas da rede. Do mesmo modo, tamb\u00e9m n\u00e3o garante a disponibilidade t\u00e9cnica, exatid\u00e3o, veracidade, validade ou legalidade das p\u00e1ginas alheias \u00e0 sua propriedade \u00e0s quais se possa aceder atrav\u00e9s das liga\u00e7\u00f5es.<\/p>\n<p>STRATEGY AND ANALYTICS ESTANCIA C3 SLU declara ter adotado todas as medidas necess\u00e1rias para evitar qualquer dano que os utilizadores do S\u00cdTIO WEB possam sofrer como resultado da navega\u00e7\u00e3o no mesmo. Por conseguinte, a STRATEGY AND ANALYTICS ESTANCIA C3 SLU n\u00e3o ser\u00e1 respons\u00e1vel, em caso algum, pelos eventuais danos que o utilizador possa sofrer devido \u00e0 navega\u00e7\u00e3o na Internet.<\/p>\n<p><strong>- UTILIZA\u00c7\u00c3O DE COOKIES E DADOS ESTAT\u00cdSTICOS<\/strong><\/p>\n<p>Este s\u00edtio Web pode recolher dados dos seus visitantes atrav\u00e9s da utiliza\u00e7\u00e3o de cookies, que recolher\u00e3o informa\u00e7\u00f5es pessoais relacionadas com a sua navega\u00e7\u00e3o. Para saber de forma clara e precisa que cookies utilizamos, quais as suas finalidades e como pode configur\u00e1-los ou desactiv\u00e1-los, consulte a nossa pol\u00edtica de cookies, se aplic\u00e1vel.<\/p>\n<p>O utilizador tem a possibilidade de configurar o seu navegador de modo a ser informado da rece\u00e7\u00e3o de cookies e pode, se assim o desejar, impedir a sua instala\u00e7\u00e3o no seu disco r\u00edgido.<\/p>\n<p><strong>- PROTEC\u00c7\u00c3O DE DADOS<\/strong><\/p>\n<p>No caso de serem recolhidos dados pessoais no s\u00edtio Web, consultar a pol\u00edtica de privacidade para mais informa\u00e7\u00f5es.<\/p>\n<p><strong>- RESOLU\u00c7\u00c3O DE LIT\u00cdGIOS. LEI APLIC\u00c1VEL E JURISDI\u00c7\u00c3O<\/strong><\/p>\n<p>As presentes Condi\u00e7\u00f5es Gerais de Utiliza\u00e7\u00e3o, bem como a utiliza\u00e7\u00e3o do s\u00edtio Web, reger-se-\u00e3o pela legisla\u00e7\u00e3o espanhola. Para a resolu\u00e7\u00e3o de qualquer lit\u00edgio, as partes submeter-se-\u00e3o aos Tribunais do domic\u00edlio social do respons\u00e1vel pelo s\u00edtio Web.<\/p>\n<p>No caso de qualquer disposi\u00e7\u00e3o dos presentes Termos e Condi\u00e7\u00f5es Gerais de Utiliza\u00e7\u00e3o ser inexequ\u00edvel ou nula ao abrigo da legisla\u00e7\u00e3o aplic\u00e1vel ou em resultado de uma decis\u00e3o judicial ou administrativa, essa inexequibilidade ou nulidade n\u00e3o tornar\u00e1 os presentes Termos e Condi\u00e7\u00f5es Gerais de Utiliza\u00e7\u00e3o inexequ\u00edveis ou nulos no seu conjunto. Nesses casos, a empresa proceder\u00e1 \u00e0 modifica\u00e7\u00e3o ou substitui\u00e7\u00e3o dessa disposi\u00e7\u00e3o por outra que seja v\u00e1lida e aplic\u00e1vel e que, na medida do poss\u00edvel, atinja o objetivo e a inten\u00e7\u00e3o reflectidos na disposi\u00e7\u00e3o original.<\/p>\n<p>[\/et_pb_text][\/et_pb_column][\/et_pb_row][\/et_pb_section].<\/p>","protected":false},"excerpt":{"rendered":"<p>AVISO LEGAL - DADOS DA ENTIDADE Em cumprimento do artigo 10 da Lei 34\/2002, de 11 de julho, de Servi\u00e7os da Sociedade da Informa\u00e7\u00e3o e Com\u00e9rcio Eletr\u00f3nico, STRATEGY AND ANALYTICS ESTANCIA C3 SLU informa que est\u00e1 inscrita no Registo Comercial de A CORU\u00d1A T 3442 , F 151, [...]<\/p>","protected":false},"author":1,"featured_media":1350,"parent":0,"menu_order":0,"comment_status":"closed","ping_status":"closed","template":"","meta":{"_et_pb_use_builder":"on","_et_pb_old_content":"<strong>AVISO LEGAL<\/strong>\r\n<ul>\r\n \t<li><strong>DATOS DE LA ENTIDAD<\/strong><\/li>\r\n<\/ul>\r\nEn cumplimiento del art\u00edculo 10 de la Ley 34\/2002, de 11 de julio, de Servicios de la Sociedad de la Informaci\u00f3n y Comercio Electr\u00f3nico, STRATEGY AND ANALYTICS ESTANCIA C3 SLU le informa que se encuentra inscrita en el Registro Mercantil de A CORU\u00d1A T 3442 , F 151, S 8, H C 48278 siendo sus datos identificativos los siguientes:\r\n<ul>\r\n \t<li><strong>Denominaci\u00f3n social:<\/strong> STRATEGY AND ANALYTICS ESTANCIA C3 SLU<\/li>\r\n \t<li><strong>Nombre comercial:<\/strong> CECUBO<\/li>\r\n \t<li><strong>I.F.:<\/strong> B70318274<\/li>\r\n \t<li><strong>Domicilio social:<\/strong> AVDA RICARDO SANCHEZ 34 PORTAL 3 3B 15600 - PONTEDEUME (A CORU\u00d1A)<\/li>\r\n \t<li><strong>Tel\u00e9fono:<\/strong> 661514900<\/li>\r\n \t<li><strong>Correo electr\u00f3nico a efectos de comunicaci\u00f3n:<\/strong> <u>administracion@cecubogroup.com<\/u><\/li>\r\n \t<li><strong>Dominio WEB:<\/strong> <a href=\"http:\/\/www.cecubogroup.com\">cecubogroup.com<\/a><\/li>\r\n<\/ul>\r\nTodas las notificaciones y comunicaciones entre los usuarios y STRATEGY AND ANALYTICS ESTANCIA C3 SLU se considerar\u00e1n eficaces, a todos los efectos, cuando se realicen a trav\u00e9s de correo postal o cualquier otro medio de los detallados anteriormente.\r\n<ul>\r\n \t<li><strong>CONDICIONES DE ACCESO Y UTILIZACI\u00d3N<\/strong><\/li>\r\n<\/ul>\r\nEl presente aviso legal regula el uso del sitio web <em><u>www.cecubogroup.com<\/u> <\/em>(en adelante, LA WEB), del que es titular STRATEGY AND ANALYTICS ESTANCIA C3 SLU.\r\n\r\nLa navegaci\u00f3n por la web de STRATEGY AND ANALYTICS ESTANCIA C3 SLU atribuye la condici\u00f3n de usuario del mismo e implica la aceptaci\u00f3n plena y sin reservas de todas y cada una de las disposiciones incluidas en este Aviso Legal, que pueden sufrir modificaciones.\r\n\r\nEl sitio web y sus servicios son de acceso libre y gratuito, no obstante, STRATEGY AND ANALYTICS ESTANCIA C3 SLU condiciona la utilizaci\u00f3n de algunos de los servicios ofrecidos en su web a la previa cumplimentaci\u00f3n del correspondiente formulario.\r\n\r\nTodos los contenidos del sitio web, como textos, fotograf\u00edas, gr\u00e1ficos, im\u00e1genes, iconos, tecnolog\u00eda, software, as\u00ed como su dise\u00f1o y c\u00f3digos fuente, constituyen una obra cuya propiedad pertenece a STRATEGY AND ANALYTICS ESTANCIA C3 SLU, sin que puedan entenderse cedidos al usuario ninguno de los derechos de explotaci\u00f3n sobre los mismos m\u00e1s all\u00e1 de lo estrictamente necesario para el correcto uso de la web.\r\n\r\nEl usuario garantiza la autenticidad y actualidad de todos aquellos datos que comunique a STRATEGY AND ANALYTICS ESTANCIA C3 SLU y ser\u00e1 el \u00fanico responsable de las manifestaciones falsas o inexactas que realice.\r\n\r\nEl usuario se obliga a hacer un uso correcto del sitio web de conformidad con las leyes, la buena fe, el orden p\u00fablico, los usos del tr\u00e1fico y el presente Aviso Legal. El usuario responder\u00e1 frente a STRATEGY AND ANALYTICS ESTANCIA C3 SLU o frente a terceros, de cualesquiera da\u00f1os y perjuicios que pudieran causarse como consecuencia del incumplimiento de dicha obligaci\u00f3n.\r\n<ul>\r\n \t<li><strong>POL\u00cdTICA DE ENLACES Y EXENCIONES DE RESPONSABILIDADES<\/strong><\/li>\r\n<\/ul>\r\nSTRATEGY AND ANALYTICS ESTANCIA C3 SLU no se hace responsable del contenido de las p\u00e1ginas web a las que el usuario pueda acceder a trav\u00e9s de los enlaces establecidos en LA WEB y declara que en ning\u00fan caso proceder\u00e1 a examinar o ejercitar ning\u00fan tipo de control sobre el contenido de otras p\u00e1ginas de la red. Asimismo, tampoco garantizar\u00e1 la disponibilidad t\u00e9cnica, exactitud, veracidad, validez o legalidad de p\u00e1ginas ajenas a su propiedad a las que se pueda acceder por medio de los enlaces.\r\n\r\nSTRATEGY AND ANALYTICS ESTANCIA C3 SLU declara haber adoptado todas las medidas necesarias para evitar cualesquiera da\u00f1os que, a los usuarios de LA WEB, pudieran derivarse de la navegaci\u00f3n por la misma. En consecuencia, STRATEGY AND ANALYTICS ESTANCIA C3 SLU no se hace responsable, en ning\u00fan caso, de los eventuales da\u00f1os que por la navegaci\u00f3n por Internet pudiera sufrir el usuario.\r\n<ul>\r\n \t<li><strong>USO DE COOKIES Y DATOS ESTAD\u00cdSTICOS<\/strong><\/li>\r\n<\/ul>\r\nEsta p\u00e1gina web puede recoger datos de sus visitantes por medio del uso de cookies, donde se recabar\u00e1 informaci\u00f3n personal relacionada con su navegaci\u00f3n. Para conocer de manera clara y precisa las cookies que utilizamos, cu\u00e1les son sus finalidades y c\u00f3mo puede configurarlas o deshabilitarlas, consulte nuestra <strong><em><u>pol\u00edtica de cookies<\/u><\/em><\/strong>, en su caso.\r\n\r\nEl usuario tiene la posibilidad de configurar su navegador de modo que se le informe de la recepci\u00f3n de cookies, pudiendo, si as\u00ed lo desea, impedir que sean instaladas en su disco duro.\r\n<ul>\r\n \t<li><strong>PROTECCI\u00d3N DE DATOS <\/strong><\/li>\r\n<\/ul>\r\nEn el caso de que en la web se recojan datos de car\u00e1cter personal, para m\u00e1s informaci\u00f3n consultar la <strong><em><u>pol\u00edtica de privacidad<\/u><\/em><\/strong>.\r\n<ul>\r\n \t<li><strong>RESOLUCI\u00d3N DE CONTROVERSIAS. LEY APLICABLE Y JURISDICCI\u00d3N<\/strong><\/li>\r\n<\/ul>\r\nLas presentes Condiciones Generales de Uso, as\u00ed como el uso del Espacio Web, se regir\u00e1n por la legislaci\u00f3n espa\u00f1ola. Para la resoluci\u00f3n de cualquier controversia las partes se someter\u00e1n a los Juzgados y Tribunales del domicilio social del responsable del sitio web.\r\n\r\nEn el supuesto de que cualquier estipulaci\u00f3n de las presentes Condiciones Generales de Uso resultara inexigible o nula en virtud de la legislaci\u00f3n aplicable o como consecuencia de una resoluci\u00f3n judicial o administrativa, dicha inexigibilidad o nulidad no har\u00e1 que las presentes Condiciones Generales de Uso resulten inexigibles o nulas en su conjunto. En dichos casos, la empresa proceder\u00e1 a la modificaci\u00f3n o sustituci\u00f3n de dicha estipulaci\u00f3n por otra que sea v\u00e1lida y exigible y que, en la medida de lo posible, consiga el objetivo y pretensi\u00f3n reflejados en la estipulaci\u00f3n original","_et_gb_content_width":""},"yoast_head":"<!-- This site is optimized with the Yoast SEO plugin v16.7 - https:\/\/yoast.com\/wordpress\/plugins\/seo\/ -->\n<title>Cecubo Group | Aviso legal<\/title>\n<meta name=\"robots\" content=\"index, follow, max-snippet:-1, max-image-preview:large, max-video-preview:-1\" \/>\n<link rel=\"canonical\" href=\"https:\/\/www.cecubogroup.com\/pt\/aviso-legal\/\" \/>\n<meta property=\"og:locale\" content=\"pt_PT\" \/>\n<meta property=\"og:type\" content=\"article\" \/>\n<meta property=\"og:title\" content=\"Cecubo Group | Aviso legal\" \/>\n<meta property=\"og:description\" content=\"AVISO LEGAL \u00b7 DATOS DE LA ENTIDAD En cumplimiento del art\u00edculo 10 de la Ley 34\/2002, de 11 de julio, de Servicios de la Sociedad de la Informaci\u00f3n y Comercio Electr\u00f3nico, STRATEGY AND ANALYTICS ESTANCIA C3 SLU le informa que se encuentra inscrita en el Registro Mercantil de A CORU\u00d1A T 3442 , F 151, [&hellip;]\" \/>\n<meta property=\"og:url\" content=\"https:\/\/www.cecubogroup.com\/pt\/aviso-legal\/\" \/>\n<meta property=\"og:site_name\" content=\"Cecubo Group\" \/>\n<meta property=\"article:modified_time\" content=\"2024-05-07T15:42:20+00:00\" \/>\n<meta property=\"og:image\" content=\"https:\/\/www.cecubogroup.com\/wp-content\/uploads\/2021\/01\/cecubo-green.jpg\" \/>\n\t<meta property=\"og:image:width\" content=\"559\" \/>\n\t<meta property=\"og:image:height\" content=\"373\" \/>\n<meta name=\"twitter:card\" content=\"summary_large_image\" \/>\n<meta name=\"twitter:label1\" content=\"Tempo estimado de leitura\" \/>\n\t<meta name=\"twitter:data1\" content=\"4 minutos\" \/>\n<script type=\"application\/ld+json\" class=\"yoast-schema-graph\">{\"@context\":\"https:\/\/schema.org\",\"@graph\":[{\"@type\":\"WebSite\",\"@id\":\"https:\/\/www.cecubogroup.com\/#website\",\"url\":\"https:\/\/www.cecubogroup.com\/\",\"name\":\"Cecubo Group\",\"description\":\"\",\"potentialAction\":[{\"@type\":\"SearchAction\",\"target\":{\"@type\":\"EntryPoint\",\"urlTemplate\":\"https:\/\/www.cecubogroup.com\/?s={search_term_string}\"},\"query-input\":\"required name=search_term_string\"}],\"inLanguage\":\"pt-PT\"},{\"@type\":\"ImageObject\",\"@id\":\"https:\/\/www.cecubogroup.com\/aviso-legal\/#primaryimage\",\"inLanguage\":\"pt-PT\",\"url\":\"https:\/\/www.cecubogroup.com\/wp-content\/uploads\/2021\/01\/cecubo-green.jpg\",\"contentUrl\":\"https:\/\/www.cecubogroup.com\/wp-content\/uploads\/2021\/01\/cecubo-green.jpg\",\"width\":559,\"height\":373},{\"@type\":\"WebPage\",\"@id\":\"https:\/\/www.cecubogroup.com\/aviso-legal\/#webpage\",\"url\":\"https:\/\/www.cecubogroup.com\/aviso-legal\/\",\"name\":\"Cecubo Group | Aviso legal\",\"isPartOf\":{\"@id\":\"https:\/\/www.cecubogroup.com\/#website\"},\"primaryImageOfPage\":{\"@id\":\"https:\/\/www.cecubogroup.com\/aviso-legal\/#primaryimage\"},\"datePublished\":\"2021-01-16T12:30:45+00:00\",\"dateModified\":\"2024-05-07T15:42:20+00:00\",\"breadcrumb\":{\"@id\":\"https:\/\/www.cecubogroup.com\/aviso-legal\/#breadcrumb\"},\"inLanguage\":\"pt-PT\",\"potentialAction\":[{\"@type\":\"ReadAction\",\"target\":[\"https:\/\/www.cecubogroup.com\/aviso-legal\/\"]}]},{\"@type\":\"BreadcrumbList\",\"@id\":\"https:\/\/www.cecubogroup.com\/aviso-legal\/#breadcrumb\",\"itemListElement\":[{\"@type\":\"ListItem\",\"position\":1,\"name\":\"In\\u00edcio\",\"item\":\"https:\/\/www.cecubogroup.com\/\"},{\"@type\":\"ListItem\",\"position\":2,\"name\":\"Aviso legal\"}]}]}<\/script>\n<!-- \/ Yoast SEO plugin. -->","yoast_head_json":{"title":"Cecubo Group | Aviso legal","robots":{"index":"index","follow":"follow","max-snippet":"max-snippet:-1","max-image-preview":"max-image-preview:large","max-video-preview":"max-video-preview:-1"},"canonical":"https:\/\/www.cecubogroup.com\/pt\/aviso-legal\/","og_locale":"pt_PT","og_type":"article","og_title":"Cecubo Group | Aviso legal","og_description":"AVISO LEGAL \u00b7 DATOS DE LA ENTIDAD En cumplimiento del art\u00edculo 10 de la Ley 34\/2002, de 11 de julio, de Servicios de la Sociedad de la Informaci\u00f3n y Comercio Electr\u00f3nico, STRATEGY AND ANALYTICS ESTANCIA C3 SLU le informa que se encuentra inscrita en el Registro Mercantil de A CORU\u00d1A T 3442 , F 151, [&hellip;]","og_url":"https:\/\/www.cecubogroup.com\/pt\/aviso-legal\/","og_site_name":"Cecubo Group","article_modified_time":"2024-05-07T15:42:20+00:00","og_image":[{"width":559,"height":373,"url":"https:\/\/www.cecubogroup.com\/wp-content\/uploads\/2021\/01\/cecubo-green.jpg","path":"\/home\/ce3group\/public_html\/wp-content\/uploads\/2021\/01\/cecubo-green.jpg","size":"full","id":1350,"alt":"","pixels":208507,"type":"image\/jpeg"}],"twitter_card":"summary_large_image","twitter_misc":{"Tempo estimado de leitura":"4 minutos"},"schema":{"@context":"https:\/\/schema.org","@graph":[{"@type":"WebSite","@id":"https:\/\/www.cecubogroup.com\/#website","url":"https:\/\/www.cecubogroup.com\/","name":"Cecubo Group","description":"","potentialAction":[{"@type":"SearchAction","target":{"@type":"EntryPoint","urlTemplate":"https:\/\/www.cecubogroup.com\/?s={search_term_string}"},"query-input":"required name=search_term_string"}],"inLanguage":"pt-PT"},{"@type":"ImageObject","@id":"https:\/\/www.cecubogroup.com\/aviso-legal\/#primaryimage","inLanguage":"pt-PT","url":"https:\/\/www.cecubogroup.com\/wp-content\/uploads\/2021\/01\/cecubo-green.jpg","contentUrl":"https:\/\/www.cecubogroup.com\/wp-content\/uploads\/2021\/01\/cecubo-green.jpg","width":559,"height":373},{"@type":"WebPage","@id":"https:\/\/www.cecubogroup.com\/aviso-legal\/#webpage","url":"https:\/\/www.cecubogroup.com\/aviso-legal\/","name":"Cecubo Group | Aviso legal","isPartOf":{"@id":"https:\/\/www.cecubogroup.com\/#website"},"primaryImageOfPage":{"@id":"https:\/\/www.cecubogroup.com\/aviso-legal\/#primaryimage"},"datePublished":"2021-01-16T12:30:45+00:00","dateModified":"2024-05-07T15:42:20+00:00","breadcrumb":{"@id":"https:\/\/www.cecubogroup.com\/aviso-legal\/#breadcrumb"},"inLanguage":"pt-PT","potentialAction":[{"@type":"ReadAction","target":["https:\/\/www.cecubogroup.com\/aviso-legal\/"]}]},{"@type":"BreadcrumbList","@id":"https:\/\/www.cecubogroup.com\/aviso-legal\/#breadcrumb","itemListElement":[{"@type":"ListItem","position":1,"name":"In\u00edcio","item":"https:\/\/www.cecubogroup.com\/"},{"@type":"ListItem","position":2,"name":"Aviso legal"}]}]}},"_links":{"self":[{"href":"https:\/\/www.cecubogroup.com\/pt\/wp-json\/wp\/v2\/pages\/974"}],"collection":[{"href":"https:\/\/www.cecubogroup.com\/pt\/wp-json\/wp\/v2\/pages"}],"about":[{"href":"https:\/\/www.cecubogroup.com\/pt\/wp-json\/wp\/v2\/types\/page"}],"author":[{"embeddable":true,"href":"https:\/\/www.cecubogroup.com\/pt\/wp-json\/wp\/v2\/users\/1"}],"replies":[{"embeddable":true,"href":"https:\/\/www.cecubogroup.com\/pt\/wp-json\/wp\/v2\/comments?post=974"}],"version-history":[{"count":9,"href":"https:\/\/www.cecubogroup.com\/pt\/wp-json\/wp\/v2\/pages\/974\/revisions"}],"predecessor-version":[{"id":7306,"href":"https:\/\/www.cecubogroup.com\/pt\/wp-json\/wp\/v2\/pages\/974\/revisions\/7306"}],"wp:featuredmedia":[{"embeddable":true,"href":"https:\/\/www.cecubogroup.com\/pt\/wp-json\/wp\/v2\/media\/1350"}],"wp:attachment":[{"href":"https:\/\/www.cecubogroup.com\/pt\/wp-json\/wp\/v2\/media?parent=974"}],"curies":[{"name":"wp","href":"https:\/\/api.w.org\/{rel}","templated":true}]}}