{"id":979,"date":"2021-01-16T12:31:53","date_gmt":"2021-01-16T12:31:53","guid":{"rendered":"https:\/\/www.cecubogroup.com\/?page_id=979"},"modified":"2024-05-07T15:37:47","modified_gmt":"2024-05-07T15:37:47","slug":"politica-de-cookies","status":"publish","type":"page","link":"https:\/\/www.cecubogroup.com\/pt\/politica-de-cookies\/","title":{"rendered":"Pol\u00edtica de cookies"},"content":{"rendered":"<p>[et_pb_section fb_built=\"1\u2033 _builder_version=\"4.16\u2033 _module_preset=\"default\" global_colors_info=\"{}\"][et_pb_row _builder_version=\"4.16\u2033 _module_preset=\"default\" global_colors_info=\"{}\"][et_pb_column type=\"4_4\u2033 _builder_version=\"4.16\u2033 _module_preset=\"default\" global_colors_info=\"{}\"][et_pb_text _builder_version=\"4.16\u2033 _module_preset=\"default\" text_font=\"Roboto||||||||\" header_font=\"Roboto|900|||||||\" header_text_align=\"center\" header_text_color=\"#93BB23\u2033 header_letter_spacing=\"4px\" global_colors_info=\"{}\"]]<\/p>\n<h1>POL\u00cdTICA DE COOKIES<\/h1>\n<p>[\/et_pb_text][et_pb_text _builder_version=\"4.24.0\u2033 _module_preset=\"default\" text_font=\"Roboto||||||||\" link_font=\"Roboto||||||||\" hover_enabled=\"0\u2033 global_colors_info=\"{}\" link_text_color__hover_enabled=\"on|hover\" link_text_color__hover=\"#93BB23\u2033 sticky_enabled=\"0\u2033]]<\/p>\n<p><strong>POL\u00cdTICA DE COOKIES<\/strong><\/p>\n<p>Na STRATEGY AND ANALYTICS ESTANCIA C3 SLU utilizamos cookies ou outros ficheiros com funcionalidade semelhante (doravante, \"cookies\") para lhe proporcionar um melhor servi\u00e7o e uma melhor experi\u00eancia de navega\u00e7\u00e3o.<br \/>STRATEGY AND ANALYTICS ESTANCIA C3 SLU \u00e9 respons\u00e1vel pelos cookies e pelo tratamento dos dados obtidos atrav\u00e9s dos mesmos, quer sejam pr\u00f3prios ou de terceiros, decidindo sobre a finalidade, o conte\u00fado e a utiliza\u00e7\u00e3o do tratamento das informa\u00e7\u00f5es recolhidas.<br \/>O objetivo desta pol\u00edtica \u00e9 inform\u00e1-lo de forma clara e detalhada sobre o que \u00e9 um cookie, qual a sua finalidade, que tipo de cookies utilizamos e como os configurar ou desativar.<\/p>\n<p><strong>O QUE S\u00c3O BOLACHAS?<\/strong><\/p>\n<p>Um cookie \u00e9 um ficheiro que \u00e9 descarregado para o seu computador quando acede a determinados s\u00edtios Web. Os cookies permitem a um s\u00edtio Web, entre outras coisas, armazenar e recuperar informa\u00e7\u00f5es sobre os h\u00e1bitos de navega\u00e7\u00e3o de um utilizador ou de um computador e, em fun\u00e7\u00e3o das informa\u00e7\u00f5es que cont\u00eam e da forma como utiliza o seu computador, podem ser utilizados para conhecer o utilizador.<\/p>\n<p>Um cookie \u00e9 um pequeno ficheiro de texto que \u00e9 armazenado no seu browser quando visita o nosso site e que armazena informa\u00e7\u00f5es sobre os seus h\u00e1bitos de navega\u00e7\u00e3o para tornar a experi\u00eancia do utilizador mais eficiente. Alguns cookies s\u00e3o essenciais para o bom funcionamento dos s\u00edtios Web, como os cookies t\u00e9cnicos ou os cookies de personaliza\u00e7\u00e3o da interface do utilizador, enquanto outros, como os cookies anal\u00edticos ou os cookies de publicidade comportamental, exigem que o informemos e obtenhamos o seu consentimento para a sua utiliza\u00e7\u00e3o.<\/p>\n<p>Para que o utilizador possa dar o seu consentimento plenamente informado, fornecemos-lhe informa\u00e7\u00f5es pormenorizadas sobre em que consiste cada tipo de cookie e qual a sua finalidade.<\/p>\n<p>O <strong>cookies t\u00e9cnicos<\/strong> s\u00e3o aqueles que permitem ao utilizador navegar atrav\u00e9s de um s\u00edtio Web, plataforma ou aplica\u00e7\u00e3o e utilizar as diferentes op\u00e7\u00f5es ou servi\u00e7os existentes no mesmo, incluindo a gest\u00e3o e o funcionamento do s\u00edtio Web e a habilita\u00e7\u00e3o das suas fun\u00e7\u00f5es e servi\u00e7os, como, por exemplo, identificar a sess\u00e3o, aceder a \u00e1reas de acesso restrito, recordar os elementos que comp\u00f5em uma encomenda, realizar o processo de compra de uma encomenda, gerir o pagamento, etc. O s\u00edtio Web n\u00e3o pode funcionar corretamente sem estes cookies, pelo que s\u00e3o considerados necess\u00e1rios.<\/p>\n<p>O <strong>cookies de prefer\u00eancia<\/strong> o <strong>personaliza\u00e7\u00e3o<\/strong> permitem que o s\u00edtio Web memorize informa\u00e7\u00f5es que alteram o comportamento ou o aspeto do s\u00edtio Web, para que o utilizador aceda ao servi\u00e7o com determinadas caracter\u00edsticas que podem diferenciar a sua experi\u00eancia da de outros utilizadores, como, por exemplo, a l\u00edngua, o n\u00famero de resultados a apresentar quando o utilizador efectua uma pesquisa ou a regi\u00e3o em que o utilizador se encontra. Se for o pr\u00f3prio utilizador a escolher estas caracter\u00edsticas, por exemplo marcando a bandeira da l\u00edngua, considera-se que se trata de um servi\u00e7o expressamente solicitado, desde que os cookies se destinem exclusivamente \u00e0 finalidade de personaliza\u00e7\u00e3o selecionada.<\/p>\n<p>O <strong>cookies anal\u00edticos<\/strong> o <strong>medi\u00e7\u00e3o<\/strong> s\u00e3o aqueles que nos permitem compreender como os visitantes interagem com as p\u00e1ginas Web e, assim, efetuar an\u00e1lises estat\u00edsticas da utiliza\u00e7\u00e3o que os utilizadores da Web fazem dos servi\u00e7os fornecidos. As informa\u00e7\u00f5es recolhidas s\u00e3o utilizadas para medir a atividade dos s\u00edtios Web ou da aplica\u00e7\u00e3o, a fim de introduzir melhorias nos produtos e servi\u00e7os oferecidos pelo respons\u00e1vel.<\/p>\n<p>O c<strong>marketing ookies<\/strong> o <strong>publicidade<\/strong> os cookies comportamentais armazenam informa\u00e7\u00f5es sobre o comportamento dos utilizadores obtidas atrav\u00e9s da observa\u00e7\u00e3o cont\u00ednua dos seus h\u00e1bitos de navega\u00e7\u00e3o, o que permite desenvolver um perfil espec\u00edfico para apresentar an\u00fancios relevantes e atractivos para o utilizador individual e, por conseguinte, mais valiosos para os anunciantes terceiros.<\/p>\n<p><em><strong>Para que \u00e9 que este s\u00edtio Web utiliza cookies e o que s\u00e3o?<\/strong><\/em><\/p>\n<p>Os detalhes dos cookies utilizados neste s\u00edtio Web s\u00e3o os seguintes:<br \/>Deve incluir os cookies que tem activos, eis um exemplo:<\/p>\n<p>[\/et_pb_text][et_pb_text _builder_version=\"4.24.0\u2033 _module_preset=\"default\" hover_enabled=\"0\u2033 sticky_enabled=\"0\u2033]<\/p>\n<table border=\"1\" style=\"border-collapse: collapse; width: 100%;\">\n<tbody>\n<tr>\n<td style=\"width: 12.5%;\">\n<p class=\"p1\"><b>COOKIE<\/b><\/p>\n<\/td>\n<td style=\"width: 12.5%;\">\n<p class=\"p1\"><b>TIPO<\/b><\/p>\n<\/td>\n<td style=\"width: 12.5%;\">\n<p class=\"p1\"><b>OBJECTIVO<\/b><\/p>\n<\/td>\n<\/tr>\n<tr>\n<td style=\"width: 12.5%;\">\n<p class=\"p1\"><b>Google Analytics<\/b><\/p>\n<\/td>\n<td style=\"width: 12.5%;\">\n<p class=\"p1\"><b>De terceiros<\/b><\/p>\n<\/td>\n<td style=\"width: 12.5%;\">\n<p class=\"p1\">Recolher informa\u00e7\u00f5es sobre a navega\u00e7\u00e3o dos utilizadores atrav\u00e9s do s\u00edtio, a fim de conhecer a origem das visitas e outros dados estat\u00edsticos semelhantes. N\u00e3o obt\u00e9m dados sobre os nomes ou apelidos dos utilizadores nem sobre o endere\u00e7o postal espec\u00edfico a partir do qual se ligam.<\/p>\n<\/td>\n<\/tr>\n<\/tbody>\n<\/table>\n<p>[\/et_pb_text][et_pb_text _builder_version=\"4.24.0\u2033 _module_preset=\"default\" text_font=\"Roboto||||||||\" link_font=\"Roboto||||||||\" hover_enabled=\"0\u2033 global_colors_info=\"{}\" link_text_color__hover_enabled=\"on|hover\" link_text_color__hover=\"#93BB23\u2033 sticky_enabled=\"0\u2033]]<\/p>\n<p>Para os cookies anal\u00edticos e publicit\u00e1rios, precisamos do seu consentimento, que podemos obter clicando no bot\u00e3o \"Concordo\" na mensagem de informa\u00e7\u00e3o apresentada quando acede ao nosso s\u00edtio Web.<\/p>\n<p>Se desativar os cookies, continuar\u00e1 a poder aceder ao s\u00edtio Web, mas a navega\u00e7\u00e3o poder\u00e1 n\u00e3o ser a melhor e alguns dos servi\u00e7os oferecidos poder\u00e3o n\u00e3o funcionar corretamente.<\/p>\n<p>Se, no futuro, a STRATEGY AND ANALYTICS ESTANCIA C3 SLU tiver de utilizar tipos de cookies diferentes dos contemplados na presente Pol\u00edtica de Cookies para fornecer novos servi\u00e7os ou se for necess\u00e1rio adapt\u00e1-la a novos requisitos legislativos, inform\u00e1-lo-emos.<\/p>\n<p><em><strong>Como posso desativar ou apagar cookies?<\/strong><\/em><\/p>\n<p>Note-se que, se aceitar cookies de terceiros, deve elimin\u00e1-los a partir das op\u00e7\u00f5es do navegador ou do sistema oferecido pelo pr\u00f3prio terceiro. Pode permitir, bloquear ou apagar os cookies instalados no seu computador, configurando as op\u00e7\u00f5es do navegador instaladas no seu computador.<\/p>\n<p><span style=\"text-decoration: underline;\"><strong>Microsoft Internet Explorer<\/strong><\/span>Menu Ferramentas &gt; Op\u00e7\u00f5es da Internet &gt; Privacidade &gt; Defini\u00e7\u00f5es.<br \/><span style=\"text-decoration: underline;\"><strong>Firefox<\/strong><\/span>Ferramentas &gt; Op\u00e7\u00f5es &gt; Privacidade &gt; Cookies.<br \/><span style=\"text-decoration: underline;\"><strong>Cromado<\/strong><\/span>Menu Op\u00e7\u00f5es &gt; Op\u00e7\u00f5es avan\u00e7adas &gt; Privacidade.<br \/><span style=\"text-decoration: underline;\"><strong>Safari<\/strong><\/span>: menu Prefer\u00eancias\/Privacidade.<br \/><span style=\"text-decoration: underline;\"><strong>Safari para iOS (iPhone e iPad)<\/strong><\/span>: op\u00e7\u00e3o Defini\u00e7\u00f5es &gt; Safari<br \/><span style=\"text-decoration: underline;\"><strong>Chrome para Android<\/strong><\/span>: Defini\u00e7\u00f5es &gt; Defini\u00e7\u00f5es do s\u00edtio Web &gt; Cookies<br \/><span style=\"text-decoration: underline;\"><strong>Outros navegadores<\/strong><\/span>: consulte a documenta\u00e7\u00e3o do navegador que tem instalado.<\/p>\n<p><em><strong>Transfer\u00eancias de dados para pa\u00edses terceiros<\/strong><\/em><\/p>\n<p>Pode informar-se sobre as transfer\u00eancias para pa\u00edses terceiros que, quando aplic\u00e1vel, s\u00e3o efectuadas pelos terceiros identificados nesta pol\u00edtica de cookies nas suas pol\u00edticas correspondentes (ver as liga\u00e7\u00f5es fornecidas na sec\u00e7\u00e3o \"Cookies de terceiros\").<\/p>\n<p><em><strong>Defini\u00e7\u00e3o de perfis<\/strong><\/em><\/p>\n<p>N\u00e3o ser\u00e1 efectuada qualquer \"defini\u00e7\u00e3o de perfis\" com base nas informa\u00e7\u00f5es fornecidas e n\u00e3o ser\u00e3o tomadas decis\u00f5es automatizadas com base na defini\u00e7\u00e3o de perfis.<\/p>\n<p><em><strong>Per\u00edodo de conserva\u00e7\u00e3o dos dados<\/strong><\/em><\/p>\n<p>Os dados obtidos atrav\u00e9s de cookies ser\u00e3o conservados por um per\u00edodo m\u00e1ximo de 24 meses, ap\u00f3s o qual solicitaremos novamente o seu consentimento.<\/p>\n<p><em><strong>Direitos das pessoas em causa<\/strong><\/em><\/p>\n<p>Pode obter mais informa\u00e7\u00f5es sobre o tratamento de dados pessoais e sobre a forma de exercer os seus direitos consultando a nossa <a href=\"https:\/\/www.cecubogroup.com\/pt\/politica-de-privacidad\/\">pol\u00edtica de privacidade<\/a>.<\/p>\n<p>[\/et_pb_text][\/et_pb_column][\/et_pb_row][\/et_pb_section].<\/p>","protected":false},"excerpt":{"rendered":"<p>POL\u00cdTICA DE COOKIESPOL\u00cdTICA DE COOKIES Na STRATEGY AND ANALYTICS ESTANCIA C3 SLU utilizamos cookies ou outros ficheiros com funcionalidade semelhante (doravante, \"cookies\") para lhe proporcionar um melhor servi\u00e7o e uma melhor experi\u00eancia de navega\u00e7\u00e3o. A STRATEGY AND ANALYTICS ESTANCIA C3 SLU \u00e9 respons\u00e1vel pelos cookies e pelo tratamento dos dados obtidos atrav\u00e9s da utiliza\u00e7\u00e3o de cookies.<\/p>","protected":false},"author":1,"featured_media":1350,"parent":0,"menu_order":0,"comment_status":"closed","ping_status":"closed","template":"","meta":{"_et_pb_use_builder":"on","_et_pb_old_content":"","_et_gb_content_width":""},"yoast_head":"<!-- This site is optimized with the Yoast SEO plugin v16.7 - https:\/\/yoast.com\/wordpress\/plugins\/seo\/ -->\n<title>Cecubo Group | Pol\u00edtica de Cookies<\/title>\n<meta name=\"robots\" content=\"index, follow, max-snippet:-1, max-image-preview:large, max-video-preview:-1\" \/>\n<link rel=\"canonical\" href=\"https:\/\/www.cecubogroup.com\/pt\/politica-de-cookies\/\" \/>\n<meta property=\"og:locale\" content=\"pt_PT\" \/>\n<meta property=\"og:type\" content=\"article\" \/>\n<meta property=\"og:title\" content=\"Cecubo Group | Pol\u00edtica de Cookies\" \/>\n<meta property=\"og:description\" content=\"POL\u00cdTICA DE COOKIESPOL\u00cdTICA DE COOKIES En STRATEGY AND ANALYTICS ESTANCIA C3 SLU utilizamos las cookies u otros archivos de funcionalidad similar (en adelante, \u201ccookies\u201d) para prestarle un mejor servicio y proporcionarle una mejor experiencia de navegaci\u00f3n.STRATEGY AND ANALYTICS ESTANCIA C3 SLU es responsable de las cookies y del tratamiento de los datos obtenidos a trav\u00e9s [&hellip;]\" \/>\n<meta property=\"og:url\" content=\"https:\/\/www.cecubogroup.com\/pt\/politica-de-cookies\/\" \/>\n<meta property=\"og:site_name\" content=\"Cecubo Group\" \/>\n<meta property=\"article:modified_time\" content=\"2024-05-07T15:37:47+00:00\" \/>\n<meta property=\"og:image\" content=\"https:\/\/www.cecubogroup.com\/wp-content\/uploads\/2021\/01\/cecubo-green.jpg\" \/>\n\t<meta property=\"og:image:width\" content=\"559\" \/>\n\t<meta property=\"og:image:height\" content=\"373\" \/>\n<meta name=\"twitter:card\" content=\"summary_large_image\" \/>\n<meta name=\"twitter:label1\" content=\"Tempo estimado de leitura\" \/>\n\t<meta name=\"twitter:data1\" content=\"7 minutos\" \/>\n<script type=\"application\/ld+json\" class=\"yoast-schema-graph\">{\"@context\":\"https:\/\/schema.org\",\"@graph\":[{\"@type\":\"WebSite\",\"@id\":\"https:\/\/www.cecubogroup.com\/#website\",\"url\":\"https:\/\/www.cecubogroup.com\/\",\"name\":\"Cecubo Group\",\"description\":\"\",\"potentialAction\":[{\"@type\":\"SearchAction\",\"target\":{\"@type\":\"EntryPoint\",\"urlTemplate\":\"https:\/\/www.cecubogroup.com\/?s={search_term_string}\"},\"query-input\":\"required name=search_term_string\"}],\"inLanguage\":\"pt-PT\"},{\"@type\":\"ImageObject\",\"@id\":\"https:\/\/www.cecubogroup.com\/politica-de-cookies\/#primaryimage\",\"inLanguage\":\"pt-PT\",\"url\":\"https:\/\/www.cecubogroup.com\/wp-content\/uploads\/2021\/01\/cecubo-green.jpg\",\"contentUrl\":\"https:\/\/www.cecubogroup.com\/wp-content\/uploads\/2021\/01\/cecubo-green.jpg\",\"width\":559,\"height\":373},{\"@type\":\"WebPage\",\"@id\":\"https:\/\/www.cecubogroup.com\/politica-de-cookies\/#webpage\",\"url\":\"https:\/\/www.cecubogroup.com\/politica-de-cookies\/\",\"name\":\"Cecubo Group | Pol\\u00edtica de Cookies\",\"isPartOf\":{\"@id\":\"https:\/\/www.cecubogroup.com\/#website\"},\"primaryImageOfPage\":{\"@id\":\"https:\/\/www.cecubogroup.com\/politica-de-cookies\/#primaryimage\"},\"datePublished\":\"2021-01-16T12:31:53+00:00\",\"dateModified\":\"2024-05-07T15:37:47+00:00\",\"breadcrumb\":{\"@id\":\"https:\/\/www.cecubogroup.com\/politica-de-cookies\/#breadcrumb\"},\"inLanguage\":\"pt-PT\",\"potentialAction\":[{\"@type\":\"ReadAction\",\"target\":[\"https:\/\/www.cecubogroup.com\/politica-de-cookies\/\"]}]},{\"@type\":\"BreadcrumbList\",\"@id\":\"https:\/\/www.cecubogroup.com\/politica-de-cookies\/#breadcrumb\",\"itemListElement\":[{\"@type\":\"ListItem\",\"position\":1,\"name\":\"In\\u00edcio\",\"item\":\"https:\/\/www.cecubogroup.com\/\"},{\"@type\":\"ListItem\",\"position\":2,\"name\":\"Pol\\u00edtica de Cookies\"}]}]}<\/script>\n<!-- \/ Yoast SEO plugin. -->","yoast_head_json":{"title":"Cecubo Group | Pol\u00edtica de Cookies","robots":{"index":"index","follow":"follow","max-snippet":"max-snippet:-1","max-image-preview":"max-image-preview:large","max-video-preview":"max-video-preview:-1"},"canonical":"https:\/\/www.cecubogroup.com\/pt\/politica-de-cookies\/","og_locale":"pt_PT","og_type":"article","og_title":"Cecubo Group | Pol\u00edtica de Cookies","og_description":"POL\u00cdTICA DE COOKIESPOL\u00cdTICA DE COOKIES En STRATEGY AND ANALYTICS ESTANCIA C3 SLU utilizamos las cookies u otros archivos de funcionalidad similar (en adelante, \u201ccookies\u201d) para prestarle un mejor servicio y proporcionarle una mejor experiencia de navegaci\u00f3n.STRATEGY AND ANALYTICS ESTANCIA C3 SLU es responsable de las cookies y del tratamiento de los datos obtenidos a trav\u00e9s [&hellip;]","og_url":"https:\/\/www.cecubogroup.com\/pt\/politica-de-cookies\/","og_site_name":"Cecubo Group","article_modified_time":"2024-05-07T15:37:47+00:00","og_image":[{"width":559,"height":373,"url":"https:\/\/www.cecubogroup.com\/wp-content\/uploads\/2021\/01\/cecubo-green.jpg","path":"\/home\/ce3group\/public_html\/wp-content\/uploads\/2021\/01\/cecubo-green.jpg","size":"full","id":1350,"alt":"","pixels":208507,"type":"image\/jpeg"}],"twitter_card":"summary_large_image","twitter_misc":{"Tempo estimado de leitura":"7 minutos"},"schema":{"@context":"https:\/\/schema.org","@graph":[{"@type":"WebSite","@id":"https:\/\/www.cecubogroup.com\/#website","url":"https:\/\/www.cecubogroup.com\/","name":"Cecubo Group","description":"","potentialAction":[{"@type":"SearchAction","target":{"@type":"EntryPoint","urlTemplate":"https:\/\/www.cecubogroup.com\/?s={search_term_string}"},"query-input":"required name=search_term_string"}],"inLanguage":"pt-PT"},{"@type":"ImageObject","@id":"https:\/\/www.cecubogroup.com\/politica-de-cookies\/#primaryimage","inLanguage":"pt-PT","url":"https:\/\/www.cecubogroup.com\/wp-content\/uploads\/2021\/01\/cecubo-green.jpg","contentUrl":"https:\/\/www.cecubogroup.com\/wp-content\/uploads\/2021\/01\/cecubo-green.jpg","width":559,"height":373},{"@type":"WebPage","@id":"https:\/\/www.cecubogroup.com\/politica-de-cookies\/#webpage","url":"https:\/\/www.cecubogroup.com\/politica-de-cookies\/","name":"Cecubo Group | Pol\u00edtica de Cookies","isPartOf":{"@id":"https:\/\/www.cecubogroup.com\/#website"},"primaryImageOfPage":{"@id":"https:\/\/www.cecubogroup.com\/politica-de-cookies\/#primaryimage"},"datePublished":"2021-01-16T12:31:53+00:00","dateModified":"2024-05-07T15:37:47+00:00","breadcrumb":{"@id":"https:\/\/www.cecubogroup.com\/politica-de-cookies\/#breadcrumb"},"inLanguage":"pt-PT","potentialAction":[{"@type":"ReadAction","target":["https:\/\/www.cecubogroup.com\/politica-de-cookies\/"]}]},{"@type":"BreadcrumbList","@id":"https:\/\/www.cecubogroup.com\/politica-de-cookies\/#breadcrumb","itemListElement":[{"@type":"ListItem","position":1,"name":"In\u00edcio","item":"https:\/\/www.cecubogroup.com\/"},{"@type":"ListItem","position":2,"name":"Pol\u00edtica de Cookies"}]}]}},"_links":{"self":[{"href":"https:\/\/www.cecubogroup.com\/pt\/wp-json\/wp\/v2\/pages\/979"}],"collection":[{"href":"https:\/\/www.cecubogroup.com\/pt\/wp-json\/wp\/v2\/pages"}],"about":[{"href":"https:\/\/www.cecubogroup.com\/pt\/wp-json\/wp\/v2\/types\/page"}],"author":[{"embeddable":true,"href":"https:\/\/www.cecubogroup.com\/pt\/wp-json\/wp\/v2\/users\/1"}],"replies":[{"embeddable":true,"href":"https:\/\/www.cecubogroup.com\/pt\/wp-json\/wp\/v2\/comments?post=979"}],"version-history":[{"count":9,"href":"https:\/\/www.cecubogroup.com\/pt\/wp-json\/wp\/v2\/pages\/979\/revisions"}],"predecessor-version":[{"id":7304,"href":"https:\/\/www.cecubogroup.com\/pt\/wp-json\/wp\/v2\/pages\/979\/revisions\/7304"}],"wp:featuredmedia":[{"embeddable":true,"href":"https:\/\/www.cecubogroup.com\/pt\/wp-json\/wp\/v2\/media\/1350"}],"wp:attachment":[{"href":"https:\/\/www.cecubogroup.com\/pt\/wp-json\/wp\/v2\/media?parent=979"}],"curies":[{"name":"wp","href":"https:\/\/api.w.org\/{rel}","templated":true}]}}