{"id":990,"date":"2021-01-16T13:01:23","date_gmt":"2021-01-16T13:01:23","guid":{"rendered":"https:\/\/www.cecubogroup.com\/?page_id=990"},"modified":"2024-05-07T14:29:19","modified_gmt":"2024-05-07T14:29:19","slug":"politica-de-privacidad","status":"publish","type":"page","link":"https:\/\/www.cecubogroup.com\/pt\/politica-de-privacidad\/","title":{"rendered":"Pol\u00edtica de privacidade"},"content":{"rendered":"<p>[et_pb_section fb_built=\"1\u2033 admin_label=\"section\" _builder_version=\"4.16\u2033 global_colors_info=\"{}\"][et_pb_row admin_label=\"row\" _builder_version=\"4.16\u2033 background_size=\"initial\" background_position=\"top_left\" background_repeat=\"repeat\" global_colors_info=\"{}\"][et_pb_column type=\"4_4\u2033 _builder_version=\"4.16\u2033 custom_padding=\"||||\" global_colors_info=\"{}\" custom_padding__hover=\"||||\"][et_pb_text admin_label=\"Texto\" _builder_version=\"4.24.0\u2033 background_size=\"initial\" background_position=\"top_left\" background_repeat=\"repeat\" hover_enabled=\"0\u2033 global_colors_info=\"{}\" sticky_enabled=\"0\u2033]]<\/p>\n<p><strong>POL\u00cdTICA DE PRIVACIDADE<\/strong><\/p>\n<ul>\n<li><strong>Direito \u00e0 informa\u00e7\u00e3o<\/strong><\/li>\n<\/ul>\n<p>Para efeitos do disposto no Regulamento (UE) 2016\/679, de 27 de abril de 2016 (RGPD), relativo \u00e0 prote\u00e7\u00e3o das pessoas singulares no que diz respeito ao tratamento de dados pessoais e \u00e0 livre circula\u00e7\u00e3o desses dados e na Lei Org\u00e2nica 3\/2018, de 5 de dezembro, relativa \u00e0 prote\u00e7\u00e3o de dados pessoais e garantia dos direitos digitais (LOPDGDD), o utilizador \u00e9 informado da exist\u00eancia de um tratamento automatizado de dados pessoais criado pela STRATEGY AND ANALYTICS ESTANCIA C3 SLU e sob a sua responsabilidade com os dados pessoais que nos podem ser fornecidos durante a navega\u00e7\u00e3o no nosso site, quer no momento do registo quer no envio de um e-mail.<\/p>\n<ul>\n<li><strong>Controlador de dados:<\/strong><\/li>\n<li><strong>Nome da empresa: <\/strong>ESTRAT\u00c9GIA E AN\u00c1LISE ESTANCIA C3 SLU<\/li>\n<li><strong>Nome comercial<\/strong>CECUBE<\/li>\n<li><strong>N\u00daMERO DE IVA<\/strong>: B70318274<\/li>\n<li><strong>Sede social:<\/strong> AVDA RICARDO SANCHEZ 34 PORTAL 3 3B, 15600 - PONTEDEUME (A CORU\u00d1A)<\/li>\n<li><strong>Telefone<\/strong>: 661514900<\/li>\n<li><strong>Correio eletr\u00f3nico para fins de comunica\u00e7\u00e3o<\/strong>: administracion@cecubogroup.com<\/li>\n<li><strong>Objetivo do tratamento:<\/strong><\/li>\n<\/ul>\n<p>Note-se que a finalidade do tratamento dos seus dados \u00e9 descrita em cada um dos formul\u00e1rios estabelecidos no s\u00edtio Web em que nos fornece os seus dados.<\/p>\n<ul>\n<li><strong>Legitima\u00e7\u00e3o:<\/strong><\/li>\n<\/ul>\n<p>Artigo 6(1)(a) do RGPD. A pessoa em causa deu o seu consentimento para o tratamento dos seus dados pessoais para uma ou mais finalidades espec\u00edficas.<\/p>\n<ul>\n<li><strong>Conserva\u00e7\u00e3o e tratamento dos dados:<\/strong><\/li>\n<\/ul>\n<p>Os seus dados ser\u00e3o conservados durante o tempo necess\u00e1rio para dar resposta ao seu pedido, desde que n\u00e3o indique o contr\u00e1rio exercendo o seu direito de supress\u00e3o, ou durante o tempo necess\u00e1rio para cumprir as obriga\u00e7\u00f5es legais e fazer face a eventuais responsabilidades que possam decorrer do cumprimento da finalidade para a qual os dados foram recolhidos. Se necess\u00e1rio, a STRATEGY AND ANALYTICS ESTANCIA C3 SLU proceder\u00e1 ao cancelamento ou \u00e0 retifica\u00e7\u00e3o dos dados quando estes forem inexactos, incompletos ou deixarem de ser necess\u00e1rios para a sua finalidade, em conformidade com o disposto na legisla\u00e7\u00e3o em vigor em mat\u00e9ria de Prote\u00e7\u00e3o de Dados Pessoais.<\/p>\n<p>A menos que nos informe do contr\u00e1rio, presumiremos que os seus dados n\u00e3o foram alterados, que se compromete a notificar-nos de qualquer altera\u00e7\u00e3o e que temos o seu consentimento para os utilizar para efeitos de manuten\u00e7\u00e3o da rela\u00e7\u00e3o entre as partes.<\/p>\n<p>Os dados fornecidos n\u00e3o ser\u00e3o transmitidos a terceiros, exceto nos casos em que exista uma obriga\u00e7\u00e3o legal de o fazer.<\/p>\n<p>STRATEGY AND ANALYTICS ESTANCIA C3 SLU n\u00e3o elaborar\u00e1 qualquer tipo de \"perfil\" com base nas informa\u00e7\u00f5es fornecidas. N\u00e3o ser\u00e3o tomadas decis\u00f5es automatizadas com base em perfis.<\/p>\n<p>Em conformidade com o disposto na Lei 34\/2002, de Servi\u00e7os da Sociedade da Informa\u00e7\u00e3o e Com\u00e9rcio Eletr\u00f3nico, no seu artigo 21, solicitaremos o seu consentimento para lhe enviar comunica\u00e7\u00f5es publicit\u00e1rias que consideremos possam ser do seu interesse, por correio eletr\u00f3nico ou por qualquer outro meio de comunica\u00e7\u00e3o eletr\u00f3nica equivalente.<\/p>\n<p>Tem o direito de se opor e\/ou retirar o seu consentimento para o tratamento dos dados acima indicados, se for caso disso, e em qualquer momento, sem afetar a legalidade do tratamento baseado no consentimento anterior \u00e0 sua retirada, notificando o respons\u00e1vel pelo tratamento de dados para o(s) endere\u00e7o(s) indicado(s).<\/p>\n<ul>\n<li><strong>Medidas t\u00e9cnicas e organizativas<\/strong><\/li>\n<\/ul>\n<p>STRATEGY AND ANALYTICS ESTANCIA C3 SLU adopta medidas t\u00e9cnicas, controlos e procedimentos de natureza f\u00edsica, organizacional e tecnol\u00f3gica razoavelmente fi\u00e1veis e eficazes, destinados a preservar a integridade e a seguran\u00e7a dos seus dados e a garantir a sua privacidade. No entanto, n\u00e3o assume qualquer responsabilidade por danos decorrentes de altera\u00e7\u00f5es que terceiros possam causar nos sistemas inform\u00e1ticos, documentos electr\u00f3nicos ou ficheiros do utilizador.<\/p>\n<p>Al\u00e9m disso, todo o pessoal com acesso a dados pessoais recebeu forma\u00e7\u00e3o e est\u00e1 ciente das suas obriga\u00e7\u00f5es em rela\u00e7\u00e3o ao tratamento de dados pessoais.<\/p>\n<p>No caso dos contratos que celebramos com os nossos fornecedores, inclu\u00edmos cl\u00e1usulas que os obrigam a manter o dever de sigilo relativamente aos dados pessoais a que tenham tido acesso em virtude da ced\u00eancia, bem como a implementar as medidas de seguran\u00e7a t\u00e9cnicas e organizativas necess\u00e1rias para garantir a confidencialidade, integridade, disponibilidade e resili\u00eancia permanentes dos sistemas e servi\u00e7os de tratamento de dados pessoais.<\/p>\n<p>Todas estas medidas de seguran\u00e7a s\u00e3o regularmente revistas para garantir a sua adequa\u00e7\u00e3o e efic\u00e1cia.<\/p>\n<p>No entanto, a seguran\u00e7a absoluta n\u00e3o pode ser garantida e nenhum sistema de seguran\u00e7a \u00e9 impenetr\u00e1vel, pelo que, no caso de qualquer informa\u00e7\u00e3o sob o nosso controlo e sob o nosso controlo ser comprometida em resultado de uma viola\u00e7\u00e3o de seguran\u00e7a, tomaremos as medidas adequadas para investigar o incidente, notificar a Autoridade de Controlo e, se for caso disso, os utilizadores que possam ter sido afectados para que tomem as medidas adequadas.<\/p>\n<ul>\n<li><strong>Direitos:<\/strong><\/li>\n<\/ul>\n<p>Os utilizadores podem exercer os seus direitos de acesso, retifica\u00e7\u00e3o, apagamento, oposi\u00e7\u00e3o, limita\u00e7\u00e3o do tratamento, portabilidade dos dados e o direito de n\u00e3o ficarem sujeitos a decis\u00f5es individuais automatizadas relativamente aos dados tratados, contactando o respons\u00e1vel pelo tratamento de dados para o endere\u00e7o acima indicado ou por correio eletr\u00f3nico para <a href=\"mailto:administracion@cecubogroup.com\"><u>administracion@cecubogroup.com<\/u><\/a>Pode apresentar uma queixa \u00e0 autoridade de controlo, anexando uma c\u00f3pia do seu bilhete de identidade ou documento equivalente. Se n\u00e3o ficar satisfeito com o exerc\u00edcio dos seus direitos, pode apresentar uma queixa \u00e0 autoridade de controlo. <em>autoridade competente em mat\u00e9ria de prote\u00e7\u00e3o de dados, <\/em>sendo este o <em>Ag\u00eancia Espanhola de Prote\u00e7\u00e3o de Dados, <\/em>e cujos contactos podem ser consultados em <a href=\"https:\/\/sedeagpd.gob.es\/sede-electronica-web\/vistas\/formNuevaReclamacion\/reclamacion.jsf\"><em>https:\/\/sedeagpd.gob.es\/sede-electronica-web\/vistas\/formNuevaReclamacion\/reclamacion.jsf<\/em><\/a><em>. <\/em><\/p>\n<p>&nbsp;<\/p>\n<p>[\/et_pb_text][\/et_pb_column][\/et_pb_row][\/et_pb_section].<\/p>","protected":false},"excerpt":{"rendered":"<p>POL\u00cdTICA DE PRIVACIDADE Direito de informa\u00e7\u00e3o Para efeitos do disposto no Regulamento (UE) 2016\/679, de 27 de abril de 2016 (RGPD), relativo \u00e0 prote\u00e7\u00e3o das pessoas singulares no que diz respeito ao tratamento de dados pessoais e \u00e0 livre circula\u00e7\u00e3o desses dados, e na Lei Org\u00e2nica 3\/2018, relativa \u00e0 prote\u00e7\u00e3o das pessoas singulares no que diz respeito ao [...]<\/p>","protected":false},"author":1,"featured_media":1350,"parent":0,"menu_order":0,"comment_status":"closed","ping_status":"closed","template":"","meta":{"_et_pb_use_builder":"on","_et_pb_old_content":"<strong>POL\u00cdTICA DE PRIVACIDAD<\/strong>\r\n<ul>\r\n \t<li><strong>Derecho de informaci\u00f3n<\/strong><\/li>\r\n<\/ul>\r\nA los efectos de lo dispuesto en el Reglamento (UE) 2016\/679 de 27 de abril de 2016 (GDPR), relativo a la protecci\u00f3n de las personas f\u00edsicas en lo que respecta al tratamiento de datos personales y a la libre circulaci\u00f3n de estos datos y a la Ley Org\u00e1nica 3\/2018 de 5 de diciembre, de protecci\u00f3n de datos de car\u00e1cter personal y garant\u00eda de los derechos digitales (LOPDGDD), se informa al usuario de la existencia de un tratamiento automatizado de datos de car\u00e1cter personal creado por STRATEGY AND ANALYTICS ESTANCIA C3 SLU y bajo su responsabilidad con los datos personales que nos pudiera facilitar durante la navegaci\u00f3n por nuestro Sitio Web ya bien sea en el momento de su registro o cuando remita un mensaje de correo electr\u00f3nico.\r\n<ul>\r\n \t<li><strong>Responsable de tratamiento:<\/strong><\/li>\r\n \t<li><strong>Denominaci\u00f3n social: <\/strong>STRATEGY AND ANALYTICS ESTANCIA C3 SLU<\/li>\r\n \t<li><strong>Nombre comercial<\/strong>: CECUBO<\/li>\r\n \t<li><strong>CIF<\/strong>: B70318274<\/li>\r\n \t<li><strong>Domicilio social:<\/strong> AVDA RICARDO SANCHEZ 34 PORTAL 3 3B, 15600 - PONTEDEUME (A CORU\u00d1A)<\/li>\r\n \t<li><strong>Tel\u00e9fono<\/strong>: 661514900<\/li>\r\n \t<li><strong>Correo electr\u00f3nico a efectos de comunicaci\u00f3n<\/strong>: administracion@cecubogroup.com<\/li>\r\n \t<li><strong>Finalidad del tratamiento:<\/strong><\/li>\r\n<\/ul>\r\nLe indicamos que la finalidad del tratamiento de sus datos es la descrita en cada uno de los formularios establecidos en la p\u00e1gina web en los que usted nos facilita sus datos.\r\n<ul>\r\n \t<li><strong>Legitimaci\u00f3n:<\/strong><\/li>\r\n<\/ul>\r\nArt\u00edculo 6.1.a) del RGPD. El interesado dio su consentimiento para el tratamiento de sus datos personales para uno o varios fines espec\u00edficos.\r\n<ul>\r\n \t<li><strong>Conservaci\u00f3n y tratamiento de los datos:<\/strong><\/li>\r\n<\/ul>\r\nSus datos ser\u00e1n conservados durante el tiempo necesario para atender su solicitud, siempre y cuando no nos indique lo contrario ejerciendo su derecho de supresi\u00f3n, o durante el tiempo necesario para cumplir con las obligaciones legales y atender las posibles responsabilidades que pudieran derivar del cumplimiento de la finalidad para la que los datos fueron recabados. En caso de ser necesario, STRATEGY AND ANALYTICS ESTANCIA C3 SLU cancelar\u00e1 o rectificar\u00e1 los datos cuando resulten inexactos, incompletos o hayan dejado de ser necesarios para su finalidad, de conformidad con lo previsto en la legislaci\u00f3n vigente en materia de Protecci\u00f3n de Datos de Car\u00e1cter Personal.\r\n\r\nMientras no nos comunique lo contrario, entenderemos que sus datos no han sido modificados, que usted se compromete a notificarnos cualquier variaci\u00f3n y que tenemos el consentimiento para utilizarlos a fin de poder fidelizar la relaci\u00f3n entre las partes.\r\n\r\nLos datos facilitados no ser\u00e1n cedidos a terceros salvo en los casos en que exista una obligaci\u00f3n legal.\r\n\r\nSTRATEGY AND ANALYTICS ESTANCIA C3 SLU no elaborar\u00e1 ning\u00fan tipo de \u201cperfil\u201d, en base a la informaci\u00f3n facilitada. No se tomar\u00e1n decisiones automatizadas en base a perfiles.\r\n\r\nDe acuerdo con lo que establece la Ley 34\/2002, de Servicios de la Sociedad de la Informaci\u00f3n y el Comercio Electr\u00f3nico en su art\u00edculo 21, solicitaremos su consentimiento para poder realizar comunicaciones publicitarias que consideremos puedan ser de su inter\u00e9s, por correo electr\u00f3nico o por cualquier otro medio de comunicaci\u00f3n electr\u00f3nica equivalente.\r\n\r\nUsted tiene derecho a oponerse y\/o retirar el consentimiento al tratamiento de los datos indicados anteriormente, en su caso, y en cualquier momento, sin que ello afecte a la licitud del tratamiento basado en el consentimiento previo a su retirada, mediante notificaci\u00f3n al responsable del tratamiento en la\/s direcci\u00f3n\/es indicada\/s.\r\n<ul>\r\n \t<li><strong>Medidas t\u00e9cnicas y organizativas<\/strong><\/li>\r\n<\/ul>\r\nSTRATEGY AND ANALYTICS ESTANCIA C3 SLU adopta las medidas t\u00e9cnicas, controles y procedimientos de car\u00e1cter f\u00edsico, organizativo y tecnol\u00f3gico, razonablemente fiables y efectivos, orientados a preservar la integridad y la seguridad de sus datos y garantizar su privacidad. No obstante, no asume ninguna responsabilidad por los da\u00f1os y perjuicios derivados de alteraciones que terceros puedan causar en los sistemas inform\u00e1ticos, documentos electr\u00f3nicos o ficheros del usuario.\r\n\r\nAdem\u00e1s, todo el personal con acceso a los datos personales ha sido formado y tiene conocimiento de sus obligaciones con relaci\u00f3n a los tratamientos de datos personales.\r\n\r\nEn el caso de los contratos que suscribimos con nuestros proveedores incluimos cl\u00e1usulas en las que se les exige mantener el deber de secreto respecto a los datos de car\u00e1cter personal a los que hayan tenido acceso en virtud del encargo realizado, as\u00ed como implantar las medidas de seguridad t\u00e9cnicas y organizativas necesarias para garantizar la confidencialidad, integridad, disponibilidad y resiliencia permanentes de los sistemas y servicios de tratamiento de los datos personales.\r\n\r\nTodas estas medidas de seguridad son revisadas de forma peri\u00f3dica para garantizar su adecuaci\u00f3n y efectividad.\r\n\r\nSin embargo, la seguridad absoluta no se puede garantizar y no existe ning\u00fan sistema de seguridad que sea impenetrable por lo que, en el caso de cualquier informaci\u00f3n objeto de tratamiento y bajo nuestro control se viese comprometida como consecuencia de una brecha de seguridad, tomaremos las medidas adecuadas para investigar el incidente, notificarlo a la Autoridad de Control y, en su caso, a aquellos usuarios que se hubieran podido ver afectados para que tomen las medidas adecuadas.\r\n<ul>\r\n \t<li><strong>Derechos:<\/strong><\/li>\r\n<\/ul>\r\nEl usuario podr\u00e1 ejercer los derechos de acceso, rectificaci\u00f3n, supresi\u00f3n, oposici\u00f3n, limitaci\u00f3n del tratamiento, portabilidad de datos y a no ser objeto de decisiones individualizadas automatizadas, en relaci\u00f3n con los datos objeto del tratamiento, ante el responsable del tratamiento en la direcci\u00f3n anteriormente mencionada, o por correo electr\u00f3nico a <u>administracion@cecubogroup.com<\/u>, adjuntando copia de su DNI o documento equivalente. En caso de que no haya obtenido satisfacci\u00f3n en el ejercicio de sus derechos, podr\u00e1 presentar una reclamaci\u00f3n ante la Autoridad de Control <em>en materia Protecci\u00f3n de Datos competente, <\/em>siendo \u00e9sta la <em>Agencia Espa\u00f1ola de Protecci\u00f3n de Datos, <\/em>y cuyos datos de contacto est\u00e1n accesibles en <a href=\"https:\/\/sedeagpd.gob.es\/sede-electronica-web\/vistas\/formNuevaReclamacion\/reclamacion.jsf\"><em>https:\/\/sedeagpd.gob.es\/sede-electronica-web\/vistas\/formNuevaReclamacion\/reclamacion.jsf<\/em><\/a><em>. <\/em>\r\n\r\n&nbsp;","_et_gb_content_width":""},"yoast_head":"<!-- This site is optimized with the Yoast SEO plugin v16.7 - https:\/\/yoast.com\/wordpress\/plugins\/seo\/ -->\n<title>Pol\u00edtica de privacidad - Cecubo Group<\/title>\n<meta name=\"robots\" content=\"index, follow, max-snippet:-1, max-image-preview:large, max-video-preview:-1\" \/>\n<link rel=\"canonical\" href=\"https:\/\/www.cecubogroup.com\/pt\/politica-de-privacidad\/\" \/>\n<meta property=\"og:locale\" content=\"pt_PT\" \/>\n<meta property=\"og:type\" content=\"article\" \/>\n<meta property=\"og:title\" content=\"Pol\u00edtica de privacidad - Cecubo Group\" \/>\n<meta property=\"og:description\" content=\"POL\u00cdTICA DE PRIVACIDAD Derecho de informaci\u00f3n A los efectos de lo dispuesto en el Reglamento (UE) 2016\/679 de 27 de abril de 2016 (GDPR), relativo a la protecci\u00f3n de las personas f\u00edsicas en lo que respecta al tratamiento de datos personales y a la libre circulaci\u00f3n de estos datos y a la Ley Org\u00e1nica 3\/2018 [&hellip;]\" \/>\n<meta property=\"og:url\" content=\"https:\/\/www.cecubogroup.com\/pt\/politica-de-privacidad\/\" \/>\n<meta property=\"og:site_name\" content=\"Cecubo Group\" \/>\n<meta property=\"article:modified_time\" content=\"2024-05-07T14:29:19+00:00\" \/>\n<meta property=\"og:image\" content=\"https:\/\/www.cecubogroup.com\/wp-content\/uploads\/2021\/01\/cecubo-green.jpg\" \/>\n\t<meta property=\"og:image:width\" content=\"559\" \/>\n\t<meta property=\"og:image:height\" content=\"373\" \/>\n<meta name=\"twitter:card\" content=\"summary_large_image\" \/>\n<meta name=\"twitter:label1\" content=\"Tempo estimado de leitura\" \/>\n\t<meta name=\"twitter:data1\" content=\"4 minutos\" \/>\n<script type=\"application\/ld+json\" class=\"yoast-schema-graph\">{\"@context\":\"https:\/\/schema.org\",\"@graph\":[{\"@type\":\"WebSite\",\"@id\":\"https:\/\/www.cecubogroup.com\/#website\",\"url\":\"https:\/\/www.cecubogroup.com\/\",\"name\":\"Cecubo Group\",\"description\":\"\",\"potentialAction\":[{\"@type\":\"SearchAction\",\"target\":{\"@type\":\"EntryPoint\",\"urlTemplate\":\"https:\/\/www.cecubogroup.com\/?s={search_term_string}\"},\"query-input\":\"required name=search_term_string\"}],\"inLanguage\":\"pt-PT\"},{\"@type\":\"ImageObject\",\"@id\":\"https:\/\/www.cecubogroup.com\/politica-de-privacidad\/#primaryimage\",\"inLanguage\":\"pt-PT\",\"url\":\"https:\/\/www.cecubogroup.com\/wp-content\/uploads\/2021\/01\/cecubo-green.jpg\",\"contentUrl\":\"https:\/\/www.cecubogroup.com\/wp-content\/uploads\/2021\/01\/cecubo-green.jpg\",\"width\":559,\"height\":373},{\"@type\":\"WebPage\",\"@id\":\"https:\/\/www.cecubogroup.com\/politica-de-privacidad\/#webpage\",\"url\":\"https:\/\/www.cecubogroup.com\/politica-de-privacidad\/\",\"name\":\"Pol\\u00edtica de privacidad - Cecubo Group\",\"isPartOf\":{\"@id\":\"https:\/\/www.cecubogroup.com\/#website\"},\"primaryImageOfPage\":{\"@id\":\"https:\/\/www.cecubogroup.com\/politica-de-privacidad\/#primaryimage\"},\"datePublished\":\"2021-01-16T13:01:23+00:00\",\"dateModified\":\"2024-05-07T14:29:19+00:00\",\"breadcrumb\":{\"@id\":\"https:\/\/www.cecubogroup.com\/politica-de-privacidad\/#breadcrumb\"},\"inLanguage\":\"pt-PT\",\"potentialAction\":[{\"@type\":\"ReadAction\",\"target\":[\"https:\/\/www.cecubogroup.com\/politica-de-privacidad\/\"]}]},{\"@type\":\"BreadcrumbList\",\"@id\":\"https:\/\/www.cecubogroup.com\/politica-de-privacidad\/#breadcrumb\",\"itemListElement\":[{\"@type\":\"ListItem\",\"position\":1,\"name\":\"In\\u00edcio\",\"item\":\"https:\/\/www.cecubogroup.com\/\"},{\"@type\":\"ListItem\",\"position\":2,\"name\":\"Pol\\u00edtica de privacidad\"}]}]}<\/script>\n<!-- \/ Yoast SEO plugin. -->","yoast_head_json":{"title":"Pol\u00edtica de privacidad - Cecubo Group","robots":{"index":"index","follow":"follow","max-snippet":"max-snippet:-1","max-image-preview":"max-image-preview:large","max-video-preview":"max-video-preview:-1"},"canonical":"https:\/\/www.cecubogroup.com\/pt\/politica-de-privacidad\/","og_locale":"pt_PT","og_type":"article","og_title":"Pol\u00edtica de privacidad - Cecubo Group","og_description":"POL\u00cdTICA DE PRIVACIDAD Derecho de informaci\u00f3n A los efectos de lo dispuesto en el Reglamento (UE) 2016\/679 de 27 de abril de 2016 (GDPR), relativo a la protecci\u00f3n de las personas f\u00edsicas en lo que respecta al tratamiento de datos personales y a la libre circulaci\u00f3n de estos datos y a la Ley Org\u00e1nica 3\/2018 [&hellip;]","og_url":"https:\/\/www.cecubogroup.com\/pt\/politica-de-privacidad\/","og_site_name":"Cecubo Group","article_modified_time":"2024-05-07T14:29:19+00:00","og_image":[{"width":559,"height":373,"url":"https:\/\/www.cecubogroup.com\/wp-content\/uploads\/2021\/01\/cecubo-green.jpg","path":"\/home\/ce3group\/public_html\/wp-content\/uploads\/2021\/01\/cecubo-green.jpg","size":"full","id":1350,"alt":"","pixels":208507,"type":"image\/jpeg"}],"twitter_card":"summary_large_image","twitter_misc":{"Tempo estimado de leitura":"4 minutos"},"schema":{"@context":"https:\/\/schema.org","@graph":[{"@type":"WebSite","@id":"https:\/\/www.cecubogroup.com\/#website","url":"https:\/\/www.cecubogroup.com\/","name":"Cecubo Group","description":"","potentialAction":[{"@type":"SearchAction","target":{"@type":"EntryPoint","urlTemplate":"https:\/\/www.cecubogroup.com\/?s={search_term_string}"},"query-input":"required name=search_term_string"}],"inLanguage":"pt-PT"},{"@type":"ImageObject","@id":"https:\/\/www.cecubogroup.com\/politica-de-privacidad\/#primaryimage","inLanguage":"pt-PT","url":"https:\/\/www.cecubogroup.com\/wp-content\/uploads\/2021\/01\/cecubo-green.jpg","contentUrl":"https:\/\/www.cecubogroup.com\/wp-content\/uploads\/2021\/01\/cecubo-green.jpg","width":559,"height":373},{"@type":"WebPage","@id":"https:\/\/www.cecubogroup.com\/politica-de-privacidad\/#webpage","url":"https:\/\/www.cecubogroup.com\/politica-de-privacidad\/","name":"Pol\u00edtica de privacidad - Cecubo Group","isPartOf":{"@id":"https:\/\/www.cecubogroup.com\/#website"},"primaryImageOfPage":{"@id":"https:\/\/www.cecubogroup.com\/politica-de-privacidad\/#primaryimage"},"datePublished":"2021-01-16T13:01:23+00:00","dateModified":"2024-05-07T14:29:19+00:00","breadcrumb":{"@id":"https:\/\/www.cecubogroup.com\/politica-de-privacidad\/#breadcrumb"},"inLanguage":"pt-PT","potentialAction":[{"@type":"ReadAction","target":["https:\/\/www.cecubogroup.com\/politica-de-privacidad\/"]}]},{"@type":"BreadcrumbList","@id":"https:\/\/www.cecubogroup.com\/politica-de-privacidad\/#breadcrumb","itemListElement":[{"@type":"ListItem","position":1,"name":"In\u00edcio","item":"https:\/\/www.cecubogroup.com\/"},{"@type":"ListItem","position":2,"name":"Pol\u00edtica de privacidad"}]}]}},"_links":{"self":[{"href":"https:\/\/www.cecubogroup.com\/pt\/wp-json\/wp\/v2\/pages\/990"}],"collection":[{"href":"https:\/\/www.cecubogroup.com\/pt\/wp-json\/wp\/v2\/pages"}],"about":[{"href":"https:\/\/www.cecubogroup.com\/pt\/wp-json\/wp\/v2\/types\/page"}],"author":[{"embeddable":true,"href":"https:\/\/www.cecubogroup.com\/pt\/wp-json\/wp\/v2\/users\/1"}],"replies":[{"embeddable":true,"href":"https:\/\/www.cecubogroup.com\/pt\/wp-json\/wp\/v2\/comments?post=990"}],"version-history":[{"count":13,"href":"https:\/\/www.cecubogroup.com\/pt\/wp-json\/wp\/v2\/pages\/990\/revisions"}],"predecessor-version":[{"id":7294,"href":"https:\/\/www.cecubogroup.com\/pt\/wp-json\/wp\/v2\/pages\/990\/revisions\/7294"}],"wp:featuredmedia":[{"embeddable":true,"href":"https:\/\/www.cecubogroup.com\/pt\/wp-json\/wp\/v2\/media\/1350"}],"wp:attachment":[{"href":"https:\/\/www.cecubogroup.com\/pt\/wp-json\/wp\/v2\/media?parent=990"}],"curies":[{"name":"wp","href":"https:\/\/api.w.org\/{rel}","templated":true}]}}